{"id":529,"date":"2018-12-14T12:17:29","date_gmt":"2018-12-14T09:17:29","guid":{"rendered":"https:\/\/www.biggloyalty.com\/mena\/?page_id=529"},"modified":"2023-11-27T11:39:57","modified_gmt":"2023-11-27T08:39:57","slug":"events-news","status":"publish","type":"page","link":"https:\/\/www.biggloyalty.com\/mea\/events-news\/","title":{"rendered":"Events\/News"},"content":{"rendered":"<p><div id=\"\" class=\"fw-main-row \"  style=\"\">\r\n\t<div class=\"container\">\r\n\t\t\t<\/div>\r\n<\/div>\r\n<div id=\"\" class=\"fw-main-row default\"  style=\"background-repeat: no-repeat; background-position: left top; padding-top: 50px; \">\r\n\t<div class=\"container\">\r\n\t\t\r\n<div class=\"fw-row\">\r\n\t<div class=\"fw-col-xs-12 grid-column\"  style=\"\">\r\n\t<h1 class=\"\">Events\/News<\/h1><\/div>\r\n<\/div>\r\n\r\n\t<\/div>\r\n<\/div>\r\n<div id=\"\" class=\"fw-main-row \"  style=\"\">\r\n\t<div class=\"container\">\r\n\t\t\r\n<div class=\"fw-row\">\r\n\t<div class=\"fw-col-xs-12 fw-col-sm-15 grid-column konferans-box\"  style=\"\">\r\n\t<p><i class=\"fa fa-angle-double-right\"><\/i> <a href=\"\/mea\/events\/\"><strong>EVENTS\/NEWS<\/strong><\/a><\/p><\/div>\r\n<div class=\"fw-col-xs-12 fw-col-sm-15 grid-column konferans-box\"  style=\"\">\r\n\t<p><i class=\"fa fa-angle-double-right\"><\/i> <a href=\"\/mea\/videos\/\"><strong>VIDEOS<\/strong><\/a><\/p><\/div>\r\n<div class=\"fw-col-xs-12 fw-col-sm-15 grid-column konferans-box\"  style=\"\">\r\n\t<p><i class=\"fa fa-angle-double-right\"><\/i> <a href=\"\/mea\/gallery\/\"><strong>GALLERY<\/strong><\/a><\/p><\/div>\r\n<div class=\"fw-col-xs-12 fw-col-sm-15 grid-column konferans-box\"  style=\"\">\r\n\t<p><i class=\"fa fa-angle-double-right\"><\/i> <a href=\"\/mea\/category\/blog\/\"><strong>BLOG<\/strong><\/a><\/p><\/div>\r\n<\/div>\r\n\r\n\t<\/div>\r\n<\/div>\r\n<div id=\"\" class=\"fw-main-row default\"  style=\"background-repeat: no-repeat; background-position: left top; margin-top: 50px; \">\r\n\t<div class=\"container\">\r\n\t\t\r\n<div class=\"fw-row\">\r\n\t<div class=\"fw-col-xs-12 fw-col-sm-6 grid-column etkinlikbox\"  style=\"\">\r\n\t<img loading=\"lazy\" decoding=\"async\" src=\"https:\/\/www.biggloyalty.com\/mea\/wp-content\/uploads\/sites\/3\/2021\/12\/performans_yonetimi_zirvesi-500x500.jpg\" alt=\"https:\/\/www.biggloyalty.com\/mea\/wp-content\/uploads\/sites\/3\/2021\/12\/performans_yonetimi_zirvesi-500x500.jpg\" width=\"500\" height=\"500\" \/><p style=\"text-align: center;\"><strong>PERFORMANCE MANAGEMENT SUMMIT<\/strong><\/p><p style=\"text-align: center;\">16 December 2021<\/p><\/div>\r\n<div class=\"fw-col-xs-12 fw-col-sm-6 grid-column etkinlikbox\"  style=\"\">\r\n\t<img loading=\"lazy\" decoding=\"async\" src=\"https:\/\/www.biggloyalty.com\/mea\/wp-content\/uploads\/sites\/3\/2021\/12\/insan_kultur_degerler_zirvesi-500x500.jpg\" alt=\"https:\/\/www.biggloyalty.com\/mea\/wp-content\/uploads\/sites\/3\/2021\/12\/insan_kultur_degerler_zirvesi-500x500.jpg\" width=\"500\" height=\"500\" \/><p style=\"text-align: center;\"><strong>PEOPLE CULTURE AND VALUES SUMMIT<\/strong><\/p><p style=\"text-align: center;\">9 December 2021<\/p><\/div>\r\n<\/div>\r\n\r\n\r\n<div class=\"fw-row\">\r\n\t<div class=\"fw-col-xs-12 fw-col-sm-6 grid-column etkinlikbox\"  style=\"\">\r\n\t<img loading=\"lazy\" decoding=\"async\" src=\"https:\/\/www.biggloyalty.com\/mea\/wp-content\/uploads\/sites\/3\/2021\/10\/pazarlama_zirvesi_deryasendil-500x500.png\" alt=\"https:\/\/www.biggloyalty.com\/mea\/wp-content\/uploads\/sites\/3\/2021\/10\/pazarlama_zirvesi_deryasendil-500x500.png\" width=\"500\" height=\"500\" \/><p style=\"text-align: center;\"><strong>PAZARLAMA T\u00dcRK\u0130YE SUMMIT <\/strong><\/p><p style=\"text-align: center;\">19 November 2021<\/p><\/div>\r\n<div class=\"fw-col-xs-12 fw-col-sm-6 grid-column etkinlikbox\"  style=\"\">\r\n\t<img loading=\"lazy\" decoding=\"async\" src=\"https:\/\/www.biggloyalty.com\/mea\/wp-content\/uploads\/sites\/3\/2021\/10\/ik_zirvesi_deryasendil-500x500.jpg\" alt=\"https:\/\/www.biggloyalty.com\/mea\/wp-content\/uploads\/sites\/3\/2021\/10\/ik_zirvesi_deryasendil-500x500.jpg\" width=\"500\" height=\"500\" \/><p style=\"text-align: center;\"><strong>5. HUMAN RESOURCES MANAGEMENT AND DIGITALIZATION SUMMIT  <\/strong><\/p><p style=\"text-align: center;\">21 October 2021<\/p><\/div>\r\n<\/div>\r\n\r\n\r\n<div class=\"fw-row\">\r\n\t<div class=\"fw-col-xs-12 fw-col-sm-6 grid-column etkinlikbox\"  style=\"\">\r\n\t<img loading=\"lazy\" decoding=\"async\" src=\"https:\/\/www.biggloyalty.com\/mea\/wp-content\/uploads\/sites\/3\/2021\/10\/yangin_taybikat-500x500.jpg\" alt=\"https:\/\/www.biggloyalty.com\/mea\/wp-content\/uploads\/sites\/3\/2021\/10\/yangin_taybikat-500x500.jpg\" width=\"500\" height=\"500\" \/><p style=\"text-align: center;\"><strong>LOJ\u0130ST\u0130K MERKEZ\u0130M\u0130ZDE TATB\u0130KATLI YANGIN E\u011e\u0130T\u0130M\u0130<\/strong><\/p><p style=\"text-align: center;\">October 2021<\/p><\/div>\r\n<div class=\"fw-col-xs-12 fw-col-sm-6 grid-column etkinlikbox\"  style=\"\">\r\n\t<img loading=\"lazy\" decoding=\"async\" src=\"https:\/\/www.biggloyalty.com\/mea\/wp-content\/uploads\/sites\/3\/2021\/10\/Yetenek-Gelisimi-ve-Sadakati-Zirve-Afis-500x500.jpg\" alt=\"https:\/\/www.biggloyalty.com\/mea\/wp-content\/uploads\/sites\/3\/2021\/10\/Yetenek-Gelisimi-ve-Sadakati-Zirve-Afis-500x500.jpg\" width=\"500\" height=\"500\" \/><p style=\"text-align: center;\"><strong>TALENT DEVELOPMENT AND LOYALTY SUMMIT<\/strong><\/p><p style=\"text-align: center;\">30 September 2021<\/p><\/div>\r\n<\/div>\r\n\r\n\r\n<div class=\"fw-row\">\r\n\t<div class=\"fw-col-xs-12 fw-col-sm-6 grid-column etkinlikbox\"  style=\"\">\r\n\t<img loading=\"lazy\" decoding=\"async\" src=\"https:\/\/www.biggloyalty.com\/mea\/wp-content\/uploads\/sites\/3\/2021\/10\/Dunya-Otomotiv-Konferansi-500x500.jpg\" alt=\"https:\/\/www.biggloyalty.com\/mea\/wp-content\/uploads\/sites\/3\/2021\/10\/Dunya-Otomotiv-Konferansi-500x500.jpg\" width=\"500\" height=\"500\" \/><p style=\"text-align: center;\"><strong>WORLD AUTOMOTIVE CONFERENCE<\/strong><\/p><p style=\"text-align: center;\">21 September 2021<\/p><\/div>\r\n<div class=\"fw-col-xs-12 fw-col-sm-6 grid-column etkinlikbox\"  style=\"\">\r\n\t<img loading=\"lazy\" decoding=\"async\" src=\"https:\/\/www.biggloyalty.com\/mea\/wp-content\/uploads\/sites\/3\/2021\/03\/musteri-deneyimi-sadakati-zirvesi-eniskarslioglu-500x500.jpg\" alt=\"https:\/\/www.biggloyalty.com\/mea\/wp-content\/uploads\/sites\/3\/2021\/03\/musteri-deneyimi-sadakati-zirvesi-eniskarslioglu-500x500.jpg\" width=\"500\" height=\"500\" \/><p style=\"text-align: center;\"><strong>CUSTOMER EXPERIENCE AND LOYALTY SUMMIT<\/strong><\/p><p style=\"text-align: center;\">Free Webinar - 2 March 2021<\/p><\/div>\r\n<\/div>\r\n\r\n\r\n<div class=\"fw-row\">\r\n\t<div class=\"fw-col-xs-12 fw-col-sm-6 grid-column etkinlikbox\"  style=\"\">\r\n\t<img loading=\"lazy\" decoding=\"async\" src=\"https:\/\/www.biggloyalty.com\/mea\/wp-content\/uploads\/sites\/3\/2021\/03\/calisan-deneyimi-zirvesi-derya-sendil-500x500.jpg\" alt=\"https:\/\/www.biggloyalty.com\/mea\/wp-content\/uploads\/sites\/3\/2021\/03\/calisan-deneyimi-zirvesi-derya-sendil-500x500.jpg\" width=\"500\" height=\"500\" \/><p style=\"text-align: center;\"><strong>EMPLOYEE EXPERIENCE SUMMIT<\/strong><\/p><p style=\"text-align: center;\">Free Webinar - 21 Feb 2021<\/p><\/div>\r\n<div class=\"fw-col-xs-12 fw-col-sm-6 grid-column etkinlikbox\"  style=\"\">\r\n\t<img loading=\"lazy\" decoding=\"async\" src=\"https:\/\/www.biggloyalty.com\/mea\/wp-content\/uploads\/sites\/3\/2021\/10\/afet_yardim_kampanyasi_eng-500x500.jpg\" alt=\"https:\/\/www.biggloyalty.com\/mea\/wp-content\/uploads\/sites\/3\/2021\/10\/afet_yardim_kampanyasi_eng-500x500.jpg\" width=\"500\" height=\"500\" \/><p style=\"text-align: center;\"><strong>DISASTER RELIEF CAMPAIGN<\/strong><\/p><p style=\"text-align: center;\">Agust 2021<\/p><\/div>\r\n<\/div>\r\n\r\n\r\n<div class=\"fw-row\">\r\n\t<div class=\"fw-col-xs-12 fw-col-sm-6 grid-column etkinlikbox\"  style=\"\">\r\n\t<img loading=\"lazy\" decoding=\"async\" src=\"https:\/\/www.biggloyalty.com\/mea\/wp-content\/uploads\/sites\/3\/2020\/11\/mena-gorseli-500x500.jpg\" alt=\"https:\/\/www.biggloyalty.com\/mea\/wp-content\/uploads\/sites\/3\/2020\/11\/mena-gorseli-500x500.jpg\" width=\"500\" height=\"500\" \/><p style=\"text-align: center;\"><strong>THE BIGG STARS LOYALTY PROGRAM<\/strong><\/p><p style=\"text-align: center;\">Free Webinar - 13 October 2020<\/p><\/div>\r\n<div class=\"fw-col-xs-12 fw-col-sm-6 grid-column etkinlikbox\"  style=\"\">\r\n\t<img decoding=\"async\" src=\"\/\/www.biggloyalty.com\/mea\/wp-content\/uploads\/sites\/3\/2019\/04\/menabolgesi-2.jpg\" alt=\"\/\/www.biggloyalty.com\/mea\/wp-content\/uploads\/sites\/3\/2019\/04\/menabolgesi-2.jpg\" \/><p style=\"text-align: center;\"><strong>HR TECH MENA SUMMIT<\/strong><\/p><p style=\"text-align: center;\">Dubai UAE - 24-25 April 2019<\/p><\/div>\r\n<\/div>\r\n\r\n\r\n<div class=\"fw-row\">\r\n\t<div class=\"fw-col-xs-12 fw-col-sm-6 grid-column etkinlikbox\"  style=\"\">\r\n\t<img decoding=\"async\" src=\"\/\/www.biggloyalty.com\/mena\/wp-content\/uploads\/sites\/3\/2019\/01\/uzakrota1.jpg\" alt=\"\/\/www.biggloyalty.com\/mena\/wp-content\/uploads\/sites\/3\/2019\/01\/uzakrota1.jpg\" \/><p style=\"text-align: center;\"><strong>UZAKROTA TRAVEL SUMMIT<\/strong><\/p><p style=\"text-align: center;\">Hilton \u0130stanbul\u00a0Bosphorus - 12 December 2018<\/p><\/div>\r\n<div class=\"fw-col-xs-12 fw-col-sm-6 grid-column etkinlikbox\"  style=\"\">\r\n\t<img decoding=\"async\" src=\"\/\/www.biggloyalty.com\/mena\/wp-content\/uploads\/sites\/3\/2019\/01\/coperf.jpg\" alt=\"\/\/www.biggloyalty.com\/mena\/wp-content\/uploads\/sites\/3\/2019\/01\/coperf.jpg\" \/><p style=\"text-align: center;\"><strong>CO-PERFORMANS<\/strong><\/p><p style=\"text-align: center;\">Sheraton Grand \u0130stanbul - 21\/22\u00a0November 2018<\/p><\/div>\r\n<\/div>\r\n\r\n\r\n<div class=\"fw-row\">\r\n\t<div class=\"fw-col-xs-12 fw-col-sm-6 grid-column etkinlikbox\"  style=\"\">\r\n\t<img loading=\"lazy\" decoding=\"async\" src=\"https:\/\/www.biggloyalty.com\/mea\/wp-content\/uploads\/sites\/3\/2021\/03\/enisbeydogumgunu-en-1-500x500.jpg\" alt=\"https:\/\/www.biggloyalty.com\/mea\/wp-content\/uploads\/sites\/3\/2021\/03\/enisbeydogumgunu-en-1-500x500.jpg\" width=\"500\" height=\"500\" \/><p style=\"text-align: center;\"><strong>EN\u0130S KARSLIO\u011eLU'S BIRTHDAY<\/strong><\/p><p style=\"text-align: center;\">15 March 2021<\/p><\/div>\r\n<div class=\"fw-col-xs-12 fw-col-sm-6 grid-column etkinlikbox\"  style=\"\">\r\n\t<img decoding=\"async\" src=\"\/\/www.biggloyalty.com\/mena\/wp-content\/uploads\/sites\/3\/2019\/01\/xco.jpg\" alt=\"\/\/www.biggloyalty.com\/mena\/wp-content\/uploads\/sites\/3\/2019\/01\/xco.jpg\" \/><p style=\"text-align: center;\"><strong>XCO Experience Summit<\/strong><\/p><p style=\"text-align: center;\">Hilton Bomonti - 24 May 2018<\/p><\/div>\r\n<\/div>\r\n\r\n\r\n<div class=\"fw-row\">\r\n\t<div class=\"fw-col-xs-12 fw-col-sm-6 grid-column etkinlikbox\"  style=\"\">\r\n\t<img decoding=\"async\" src=\"\/\/www.biggloyalty.com\/mena\/wp-content\/uploads\/sites\/3\/2019\/01\/ik-dijital.jpg\" alt=\"\/\/www.biggloyalty.com\/mena\/wp-content\/uploads\/sites\/3\/2019\/01\/ik-dijital.jpg\" \/><p style=\"text-align: center;\"><strong>HR Digital Transformation Summit<\/strong><\/p><p style=\"text-align: center;\">Ankara - 14 March 2018<\/p><\/div>\r\n<div class=\"fw-col-xs-12 fw-col-sm-6 grid-column etkinlikbox\"  style=\"\">\r\n\t<img decoding=\"async\" src=\"\/\/www.biggloyalty.com\/mena\/wp-content\/uploads\/sites\/3\/2019\/01\/ik-dijital2.jpg\" alt=\"\/\/www.biggloyalty.com\/mena\/wp-content\/uploads\/sites\/3\/2019\/01\/ik-dijital2.jpg\" \/><p style=\"text-align: center;\"><strong>HR Digital Summit<\/strong><\/p><p style=\"text-align: center;\">Ankara - 14 March 2018<\/p><\/div>\r\n<\/div>\r\n\r\n\r\n<div class=\"fw-row\">\r\n\t<div class=\"fw-col-xs-12 fw-col-sm-6 grid-column etkinlikbox\"  style=\"\">\r\n\t<img decoding=\"async\" src=\"\/\/www.biggloyalty.com\/mena\/wp-content\/uploads\/sites\/3\/2019\/01\/great.jpg\" alt=\"\/\/www.biggloyalty.com\/mena\/wp-content\/uploads\/sites\/3\/2019\/01\/great.jpg\" \/><p style=\"text-align: center;\"><strong>Greate Place to Work<\/strong><\/p><p style=\"text-align: center;\">2018<\/p><\/div>\r\n<div class=\"fw-col-xs-12 fw-col-sm-6 grid-column etkinlikbox\"  style=\"\">\r\n\t<img decoding=\"async\" src=\"\/\/www.biggloyalty.com\/mena\/wp-content\/uploads\/sites\/3\/2019\/01\/pworld.jpg\" alt=\"\/\/www.biggloyalty.com\/mena\/wp-content\/uploads\/sites\/3\/2019\/01\/pworld.jpg\" \/><p style=\"text-align: center;\"><strong>Marketing T\u00fcrkiye <\/strong><\/p><p style=\"text-align: center;\">\u0130stanbul - 23 February 2018<\/p><\/div>\r\n<\/div>\r\n\r\n\r\n<div class=\"fw-row\">\r\n\t<div class=\"fw-col-xs-12 fw-col-sm-6 grid-column etkinlikbox\"  style=\"\">\r\n\t<img decoding=\"async\" src=\"\/\/www.biggloyalty.com\/mena\/wp-content\/uploads\/sites\/3\/2019\/01\/chro.jpg\" alt=\"\/\/www.biggloyalty.com\/mena\/wp-content\/uploads\/sites\/3\/2019\/01\/chro.jpg\" \/><p style=\"text-align: center;\"><strong>CHRO Summit<\/strong><\/p><p style=\"text-align: center;\">15 February 2018<\/p><\/div>\r\n<\/div>\r\n\r\n\t<\/div>\r\n<\/div>\r\n<\/p>\n","protected":false},"excerpt":{"rendered":"<p>Events\/News EVENTS\/NEWS VIDEOS GALLERY BLOG PERFORMANCE MANAGEMENT SUMMIT16 December 2021 PEOPLE CULTURE AND VALUES SUMMIT9 December 2021 PAZARLAMA T\u00dcRK\u0130YE SUMMIT 19 November 2021 5. HUMAN RESOURCES MANAGEMENT AND DIGITALIZATION SUMMIT 21 October 2021 LOJ\u0130ST\u0130K MERKEZ\u0130M\u0130ZDE TATB\u0130KATLI YANGIN E\u011e\u0130T\u0130M\u0130October 2021 TALENT DEVELOPMENT AND LOYALTY SUMMIT30 September 2021 WORLD AUTOMOTIVE CONFERENCE21 September 2021 CUSTOMER EXPERIENCE AND LOYALTY [&hellip;]<\/p>\n","protected":false},"author":1,"featured_media":0,"parent":0,"menu_order":0,"comment_status":"closed","ping_status":"closed","template":"page-template-custom.php","meta":{"ngg_post_thumbnail":0,"footnotes":""},"yoast_head":"<!-- This site is optimized with the Yoast SEO Premium plugin v14.8.1 - https:\/\/yoast.com\/wordpress\/plugins\/seo\/ -->\n<title>Events\/News - Biggloyalty - MENA<\/title>\n<meta name=\"description\" content=\"This page include events &amp; news about The Biggbrands which been one of the biggest loyalty project companies in Turkey.\" \/>\n<meta name=\"robots\" content=\"index, follow\" \/>\n<meta name=\"googlebot\" content=\"index, follow, max-snippet:-1, max-image-preview:large, max-video-preview:-1\" \/>\n<meta name=\"bingbot\" content=\"index, follow, max-snippet:-1, max-image-preview:large, max-video-preview:-1\" \/>\n<link rel=\"canonical\" href=\"https:\/\/www.biggloyalty.com\/mea\/events-news\/\" \/>\n<meta property=\"og:locale\" content=\"tr_TR\" \/>\n<meta property=\"og:type\" content=\"article\" \/>\n<meta property=\"og:title\" content=\"Events\/News - Biggloyalty - MENA\" \/>\n<meta property=\"og:description\" content=\"This page include events &amp; news about The Biggbrands which been one of the biggest loyalty project companies in Turkey.\" \/>\n<meta property=\"og:url\" content=\"https:\/\/www.biggloyalty.com\/mea\/events-news\/\" \/>\n<meta property=\"og:site_name\" content=\"Biggloyalty - MENA\" \/>\n<meta property=\"article:modified_time\" content=\"2023-11-27T08:39:57+00:00\" \/>\n<meta property=\"og:image\" content=\"https:\/\/www.biggloyalty.com\/mea\/wp-content\/uploads\/sites\/3\/2021\/12\/performans_yonetimi_zirvesi-500x500.jpg\" \/>\n<meta name=\"twitter:card\" content=\"summary_large_image\" \/>\n<script type=\"application\/ld+json\" class=\"yoast-schema-graph\">{\"@context\":\"https:\/\/schema.org\",\"@graph\":[{\"@type\":\"WebSite\",\"@id\":\"https:\/\/www.biggloyalty.com\/mea\/#website\",\"url\":\"https:\/\/www.biggloyalty.com\/mea\/\",\"name\":\"Biggloyalty - MENA\",\"description\":\"\",\"potentialAction\":[{\"@type\":\"SearchAction\",\"target\":\"https:\/\/www.biggloyalty.com\/mea\/?s={search_term_string}\",\"query-input\":\"required name=search_term_string\"}],\"inLanguage\":\"tr\"},{\"@type\":\"ImageObject\",\"@id\":\"https:\/\/www.biggloyalty.com\/mea\/events-news\/#primaryimage\",\"inLanguage\":\"tr\",\"url\":\"https:\/\/www.biggloyalty.com\/mea\/wp-content\/uploads\/sites\/3\/2021\/12\/performans_yonetimi_zirvesi.jpg\",\"width\":1200,\"height\":1200},{\"@type\":\"WebPage\",\"@id\":\"https:\/\/www.biggloyalty.com\/mea\/events-news\/#webpage\",\"url\":\"https:\/\/www.biggloyalty.com\/mea\/events-news\/\",\"name\":\"Events\/News - Biggloyalty - MENA\",\"isPartOf\":{\"@id\":\"https:\/\/www.biggloyalty.com\/mea\/#website\"},\"primaryImageOfPage\":{\"@id\":\"https:\/\/www.biggloyalty.com\/mea\/events-news\/#primaryimage\"},\"datePublished\":\"2018-12-14T09:17:29+00:00\",\"dateModified\":\"2023-11-27T08:39:57+00:00\",\"description\":\"This page include events & news about The Biggbrands which been one of the biggest loyalty project companies in Turkey.\",\"inLanguage\":\"tr\",\"potentialAction\":[{\"@type\":\"ReadAction\",\"target\":[\"https:\/\/www.biggloyalty.com\/mea\/events-news\/\"]}]}]}<\/script>\n<!-- \/ Yoast SEO Premium plugin. -->","_links":{"self":[{"href":"https:\/\/www.biggloyalty.com\/mea\/wp-json\/wp\/v2\/pages\/529"}],"collection":[{"href":"https:\/\/www.biggloyalty.com\/mea\/wp-json\/wp\/v2\/pages"}],"about":[{"href":"https:\/\/www.biggloyalty.com\/mea\/wp-json\/wp\/v2\/types\/page"}],"author":[{"embeddable":true,"href":"https:\/\/www.biggloyalty.com\/mea\/wp-json\/wp\/v2\/users\/1"}],"replies":[{"embeddable":true,"href":"https:\/\/www.biggloyalty.com\/mea\/wp-json\/wp\/v2\/comments?post=529"}],"version-history":[{"count":57,"href":"https:\/\/www.biggloyalty.com\/mea\/wp-json\/wp\/v2\/pages\/529\/revisions"}],"predecessor-version":[{"id":2773,"href":"https:\/\/www.biggloyalty.com\/mea\/wp-json\/wp\/v2\/pages\/529\/revisions\/2773"}],"wp:attachment":[{"href":"https:\/\/www.biggloyalty.com\/mea\/wp-json\/wp\/v2\/media?parent=529"}],"curies":[{"name":"wp","href":"https:\/\/api.w.org\/{rel}","templated":true}]}}