{"id":2465,"date":"2019-01-28T14:56:04","date_gmt":"2019-01-28T11:56:04","guid":{"rendered":"https:\/\/www.biggloyalty.com\/europe\/?page_id=2465"},"modified":"2019-01-28T14:57:16","modified_gmt":"2019-01-28T11:57:16","slug":"big-conferance-from-sanal-magaza-sector-leader-in-loyalty-programs","status":"publish","type":"page","link":"https:\/\/www.biggloyalty.com\/europe\/big-conferance-from-sanal-magaza-sector-leader-in-loyalty-programs\/","title":{"rendered":"Big Conferance from Sanal Magaza, Sector Leader in Loyalty Programs"},"content":{"rendered":"<div id=\"\" class=\"fw-main-row default\"  style=\"background-repeat: no-repeat; background-position: left top; padding-top: 50px; padding-bottom: 50px; \">\r\n\t<div class=\"container\">\r\n\t\t\r\n<div class=\"fw-row\">\r\n\t<div class=\"fw-col-xs-12 grid-column\"  style=\"\">\r\n\t<h4 class=\"\">Big Conferance from Sanal Magaza, Sector Leader in Loyalty Programs<\/h4><p>Sanal Magaza Loyalty and Reward Points Applications Conference was held at Hilton Bomonti Hotel with over 400 participations.<\/p><p>&nbsp;<\/p><p>Customer Loyalty Programs which is traditionally organised every year by Sanal Magaza, Turkey's leading company in Customer Loyalty Programs, held this year with a large group of participation from big companies such as T\u00fcrk Hava Yollar\u0131, Samsung, Legrand, Eczac\u0131ba\u015f\u0131 ve Turkcell.<\/p><p>&nbsp;<\/p><p><img loading=\"lazy\" decoding=\"async\" class=\"size-full wp-image-1443 aligncenter\" src=\"https:\/\/www.biggloyalty.com\/en\/wp-content\/uploads\/sites\/7\/2019\/01\/2017-konferans.jpg\" alt=\"\" width=\"800\" height=\"800\" \/><\/p><p>&nbsp;<\/p><p>The conferance held on 20 September 2017 in Hilton Bomonti Hotel has a very rich content with the following topics; current Reward Point Applications in Turkey and in the world, Global LOYALTY services given by Sanal Magaza and its group companies, application of new technologies, new launces like BIGGSTARS Employeee Appreciation and Social Rewarding applications and case studies of Sanal Magaza customers.<\/p><p>&nbsp;<\/p><p>The conference ended with a barbecue party in the open garden and received full marks from the guests as usual.<\/p><p>&nbsp;<\/p><\/div>\r\n<\/div>\r\n\r\n\t<\/div>\r\n<\/div>\r\n\n","protected":false},"excerpt":{"rendered":"<p>Big Conferance from Sanal Magaza, Sector Leader in Loyalty ProgramsSanal Magaza Loyalty and Reward Points Applications Conference was held at Hilton Bomonti Hotel with over 400 participations.&nbsp;Customer Loyalty Programs which is traditionally organised every year by Sanal Magaza, Turkey&#8217;s leading company in Customer Loyalty Programs, held this year with a large group of participation from [&hellip;]<\/p>\n","protected":false},"author":1,"featured_media":0,"parent":0,"menu_order":0,"comment_status":"closed","ping_status":"closed","template":"page-template-custom.php","meta":{"ngg_post_thumbnail":0,"footnotes":""},"yoast_head":"<!-- This site is optimized with the Yoast SEO Premium plugin v14.8.1 - https:\/\/yoast.com\/wordpress\/plugins\/seo\/ -->\n<title>Big Conferance from Sanal Magaza, Sector Leader in Loyalty Programs - Biggloyalty - Europe<\/title>\n<meta name=\"robots\" content=\"index, follow\" \/>\n<meta name=\"googlebot\" content=\"index, follow, max-snippet:-1, max-image-preview:large, max-video-preview:-1\" \/>\n<meta name=\"bingbot\" content=\"index, follow, max-snippet:-1, max-image-preview:large, max-video-preview:-1\" \/>\n<link rel=\"canonical\" href=\"https:\/\/www.biggloyalty.com\/europe\/big-conferance-from-sanal-magaza-sector-leader-in-loyalty-programs\/\" \/>\n<meta property=\"og:locale\" content=\"tr_TR\" \/>\n<meta property=\"og:type\" content=\"article\" \/>\n<meta property=\"og:title\" content=\"Big Conferance from Sanal Magaza, Sector Leader in Loyalty Programs - Biggloyalty - Europe\" \/>\n<meta property=\"og:description\" content=\"Big Conferance from Sanal Magaza, Sector Leader in Loyalty ProgramsSanal Magaza Loyalty and Reward Points Applications Conference was held at Hilton Bomonti Hotel with over 400 participations.&nbsp;Customer Loyalty Programs which is traditionally organised every year by Sanal Magaza, Turkey&#039;s leading company in Customer Loyalty Programs, held this year with a large group of participation from [&hellip;]\" \/>\n<meta property=\"og:url\" content=\"https:\/\/www.biggloyalty.com\/europe\/big-conferance-from-sanal-magaza-sector-leader-in-loyalty-programs\/\" \/>\n<meta property=\"og:site_name\" content=\"Biggloyalty - Europe\" \/>\n<meta property=\"article:modified_time\" content=\"2019-01-28T11:57:16+00:00\" \/>\n<meta property=\"og:image\" content=\"https:\/\/www.biggloyalty.com\/en\/wp-content\/uploads\/sites\/7\/2019\/01\/2017-konferans.jpg\" \/>\n<meta name=\"twitter:card\" content=\"summary_large_image\" \/>\n<script type=\"application\/ld+json\" class=\"yoast-schema-graph\">{\"@context\":\"https:\/\/schema.org\",\"@graph\":[{\"@type\":\"WebSite\",\"@id\":\"https:\/\/www.biggloyalty.com\/europe\/#website\",\"url\":\"https:\/\/www.biggloyalty.com\/europe\/\",\"name\":\"Biggloyalty - Europe\",\"description\":\"\",\"potentialAction\":[{\"@type\":\"SearchAction\",\"target\":\"https:\/\/www.biggloyalty.com\/europe\/?s={search_term_string}\",\"query-input\":\"required name=search_term_string\"}],\"inLanguage\":\"tr\"},{\"@type\":\"ImageObject\",\"@id\":\"https:\/\/www.biggloyalty.com\/europe\/big-conferance-from-sanal-magaza-sector-leader-in-loyalty-programs\/#primaryimage\",\"inLanguage\":\"tr\",\"url\":\"https:\/\/www.biggloyalty.com\/en\/wp-content\/uploads\/sites\/7\/2019\/01\/2017-konferans.jpg\"},{\"@type\":\"WebPage\",\"@id\":\"https:\/\/www.biggloyalty.com\/europe\/big-conferance-from-sanal-magaza-sector-leader-in-loyalty-programs\/#webpage\",\"url\":\"https:\/\/www.biggloyalty.com\/europe\/big-conferance-from-sanal-magaza-sector-leader-in-loyalty-programs\/\",\"name\":\"Big Conferance from Sanal Magaza, Sector Leader in Loyalty Programs - Biggloyalty - Europe\",\"isPartOf\":{\"@id\":\"https:\/\/www.biggloyalty.com\/europe\/#website\"},\"primaryImageOfPage\":{\"@id\":\"https:\/\/www.biggloyalty.com\/europe\/big-conferance-from-sanal-magaza-sector-leader-in-loyalty-programs\/#primaryimage\"},\"datePublished\":\"2019-01-28T11:56:04+00:00\",\"dateModified\":\"2019-01-28T11:57:16+00:00\",\"inLanguage\":\"tr\",\"potentialAction\":[{\"@type\":\"ReadAction\",\"target\":[\"https:\/\/www.biggloyalty.com\/europe\/big-conferance-from-sanal-magaza-sector-leader-in-loyalty-programs\/\"]}]}]}<\/script>\n<!-- \/ Yoast SEO Premium plugin. -->","_links":{"self":[{"href":"https:\/\/www.biggloyalty.com\/europe\/wp-json\/wp\/v2\/pages\/2465"}],"collection":[{"href":"https:\/\/www.biggloyalty.com\/europe\/wp-json\/wp\/v2\/pages"}],"about":[{"href":"https:\/\/www.biggloyalty.com\/europe\/wp-json\/wp\/v2\/types\/page"}],"author":[{"embeddable":true,"href":"https:\/\/www.biggloyalty.com\/europe\/wp-json\/wp\/v2\/users\/1"}],"replies":[{"embeddable":true,"href":"https:\/\/www.biggloyalty.com\/europe\/wp-json\/wp\/v2\/comments?post=2465"}],"version-history":[{"count":3,"href":"https:\/\/www.biggloyalty.com\/europe\/wp-json\/wp\/v2\/pages\/2465\/revisions"}],"predecessor-version":[{"id":2471,"href":"https:\/\/www.biggloyalty.com\/europe\/wp-json\/wp\/v2\/pages\/2465\/revisions\/2471"}],"wp:attachment":[{"href":"https:\/\/www.biggloyalty.com\/europe\/wp-json\/wp\/v2\/media?parent=2465"}],"curies":[{"name":"wp","href":"https:\/\/api.w.org\/{rel}","templated":true}]}}