{"id":2327,"date":"2019-01-26T11:51:12","date_gmt":"2019-01-26T08:51:12","guid":{"rendered":"https:\/\/www.biggloyalty.com\/europe\/?page_id=2327"},"modified":"2023-10-30T10:18:11","modified_gmt":"2023-10-30T07:18:11","slug":"sanal-magaza-loyalty-and-reward-points-applications-conference","status":"publish","type":"page","link":"https:\/\/www.biggloyalty.com\/europe\/sanal-magaza-loyalty-and-reward-points-applications-conference\/","title":{"rendered":"Sanal Magaza Loyalty and Reward Points Applications Conference"},"content":{"rendered":"<p><div id=\"\" class=\"fw-main-row default\"  style=\"background-repeat: no-repeat; background-position: left top; padding-top: 50px; \">\r\n\t<div class=\"container\">\r\n\t\t\r\n<div class=\"fw-row\">\r\n\t<div class=\"fw-col-xs-12 grid-column\"  style=\"\">\r\n\t<h1 class=\"\">Sanal Magaza Loyalty and Reward Points Applications Conference<\/h1><p><strong>Sanal Magaza Loyalty and Reward Points Applications conference at Hilton Bomonti Hotel<\/strong><\/p><p>Loyalty and Reward points applications conference which is traditionally organized by Sanal Magaza, the leading company in the Customer Loyalty was held this year with the participation of a large group of participants from big companies like Turkish Airlines, Samsung, Legrand, Eczac\u0131ba\u015f\u0131 and Turkcell.<\/p><\/div>\r\n<\/div>\r\n\r\n\t<\/div>\r\n<\/div>\r\n<div id=\"\" class=\"fw-main-row default\"  style=\"background-repeat: no-repeat; background-position: left top; padding-top: 30px; padding-bottom: 50px; \">\r\n\t<div class=\"container\">\r\n\t\t\r\n<div class=\"fw-row\">\r\n\t<div class=\"fw-col-xs-12 grid-column\"  style=\"\">\r\n\t<div class=\"responsive-video-wrapper\">\r\n\t<iframe loading=\"lazy\" width=\"320\" height=\"180\" src=\"https:\/\/www.youtube.com\/embed\/Jo78AnPQetQ?feature=oembed\" frameborder=\"0\" allow=\"accelerometer; autoplay; encrypted-media; gyroscope; picture-in-picture\" allowfullscreen><\/iframe><\/div>\r\n<\/div>\r\n<\/div>\r\n\r\n\t<\/div>\r\n<\/div>\r\n<\/p>\n","protected":false},"excerpt":{"rendered":"<p>Sanal Magaza Loyalty and Reward Points Applications ConferenceSanal Magaza Loyalty and Reward Points Applications conference at Hilton Bomonti HotelLoyalty and Reward points applications conference which is traditionally organized by Sanal Magaza, the leading company in the Customer Loyalty was held this year with the participation of a large group of participants from big companies like [&hellip;]<\/p>\n","protected":false},"author":1,"featured_media":0,"parent":0,"menu_order":0,"comment_status":"closed","ping_status":"closed","template":"page-template-custom.php","meta":{"ngg_post_thumbnail":0,"footnotes":""},"yoast_head":"<!-- This site is optimized with the Yoast SEO Premium plugin v14.8.1 - https:\/\/yoast.com\/wordpress\/plugins\/seo\/ -->\n<title>Sanal Magaza Loyalty and Reward Points Applications Conference - Biggloyalty - Europe<\/title>\n<meta name=\"robots\" content=\"index, follow\" \/>\n<meta name=\"googlebot\" content=\"index, follow, max-snippet:-1, max-image-preview:large, max-video-preview:-1\" \/>\n<meta name=\"bingbot\" content=\"index, follow, max-snippet:-1, max-image-preview:large, max-video-preview:-1\" \/>\n<link rel=\"canonical\" href=\"https:\/\/www.biggloyalty.com\/europe\/sanal-magaza-loyalty-and-reward-points-applications-conference\/\" \/>\n<meta property=\"og:locale\" content=\"tr_TR\" \/>\n<meta property=\"og:type\" content=\"article\" \/>\n<meta property=\"og:title\" content=\"Sanal Magaza Loyalty and Reward Points Applications Conference - Biggloyalty - Europe\" \/>\n<meta property=\"og:description\" content=\"Sanal Magaza Loyalty and Reward Points Applications ConferenceSanal Magaza Loyalty and Reward Points Applications conference at Hilton Bomonti HotelLoyalty and Reward points applications conference which is traditionally organized by Sanal Magaza, the leading company in the Customer Loyalty was held this year with the participation of a large group of participants from big companies like [&hellip;]\" \/>\n<meta property=\"og:url\" content=\"https:\/\/www.biggloyalty.com\/europe\/sanal-magaza-loyalty-and-reward-points-applications-conference\/\" \/>\n<meta property=\"og:site_name\" content=\"Biggloyalty - Europe\" \/>\n<meta property=\"article:modified_time\" content=\"2023-10-30T07:18:11+00:00\" \/>\n<meta name=\"twitter:card\" content=\"summary_large_image\" \/>\n<script type=\"application\/ld+json\" class=\"yoast-schema-graph\">{\"@context\":\"https:\/\/schema.org\",\"@graph\":[{\"@type\":\"WebSite\",\"@id\":\"https:\/\/www.biggloyalty.com\/europe\/#website\",\"url\":\"https:\/\/www.biggloyalty.com\/europe\/\",\"name\":\"Biggloyalty - Europe\",\"description\":\"\",\"potentialAction\":[{\"@type\":\"SearchAction\",\"target\":\"https:\/\/www.biggloyalty.com\/europe\/?s={search_term_string}\",\"query-input\":\"required name=search_term_string\"}],\"inLanguage\":\"tr\"},{\"@type\":\"WebPage\",\"@id\":\"https:\/\/www.biggloyalty.com\/europe\/sanal-magaza-loyalty-and-reward-points-applications-conference\/#webpage\",\"url\":\"https:\/\/www.biggloyalty.com\/europe\/sanal-magaza-loyalty-and-reward-points-applications-conference\/\",\"name\":\"Sanal Magaza Loyalty and Reward Points Applications Conference - Biggloyalty - Europe\",\"isPartOf\":{\"@id\":\"https:\/\/www.biggloyalty.com\/europe\/#website\"},\"datePublished\":\"2019-01-26T08:51:12+00:00\",\"dateModified\":\"2023-10-30T07:18:11+00:00\",\"inLanguage\":\"tr\",\"potentialAction\":[{\"@type\":\"ReadAction\",\"target\":[\"https:\/\/www.biggloyalty.com\/europe\/sanal-magaza-loyalty-and-reward-points-applications-conference\/\"]}]}]}<\/script>\n<!-- \/ Yoast SEO Premium plugin. -->","_links":{"self":[{"href":"https:\/\/www.biggloyalty.com\/europe\/wp-json\/wp\/v2\/pages\/2327"}],"collection":[{"href":"https:\/\/www.biggloyalty.com\/europe\/wp-json\/wp\/v2\/pages"}],"about":[{"href":"https:\/\/www.biggloyalty.com\/europe\/wp-json\/wp\/v2\/types\/page"}],"author":[{"embeddable":true,"href":"https:\/\/www.biggloyalty.com\/europe\/wp-json\/wp\/v2\/users\/1"}],"replies":[{"embeddable":true,"href":"https:\/\/www.biggloyalty.com\/europe\/wp-json\/wp\/v2\/comments?post=2327"}],"version-history":[{"count":4,"href":"https:\/\/www.biggloyalty.com\/europe\/wp-json\/wp\/v2\/pages\/2327\/revisions"}],"predecessor-version":[{"id":3756,"href":"https:\/\/www.biggloyalty.com\/europe\/wp-json\/wp\/v2\/pages\/2327\/revisions\/3756"}],"wp:attachment":[{"href":"https:\/\/www.biggloyalty.com\/europe\/wp-json\/wp\/v2\/media?parent=2327"}],"curies":[{"name":"wp","href":"https:\/\/api.w.org\/{rel}","templated":true}]}}