{"id":1815,"date":"2018-12-28T16:15:05","date_gmt":"2018-12-28T13:15:05","guid":{"rendered":"https:\/\/www.biggloyalty.com\/europe\/?page_id=1815"},"modified":"2023-11-22T13:32:23","modified_gmt":"2023-11-22T10:32:23","slug":"events-news","status":"publish","type":"page","link":"https:\/\/www.biggloyalty.com\/europe\/press\/events-news\/","title":{"rendered":"Events"},"content":{"rendered":"<p><div id=\"\" class=\"fw-main-row default\"  style=\"background-image: url(&quot;https:\/\/www.biggloyalty.com\/europe\/wp-content\/uploads\/sites\/5\/2018\/12\/aktivebanner1-1.jpg&quot;); background-repeat: no-repeat; background-position: left top; padding-top: 500px; \">\r\n\t<div class=\"container\">\r\n\t\t\t<\/div>\r\n<\/div>\r\n<div id=\"\" class=\"fw-main-row default\"  style=\"background-repeat: no-repeat; background-position: left top; padding-top: 20px; \">\r\n\t<div class=\"container\">\r\n\t\t\r\n<div class=\"fw-row\">\r\n\t<div class=\"fw-col-xs-12 grid-column\"  style=\"\">\r\n\t<h1 class=\"\">Events\/News<\/h1><\/div>\r\n<\/div>\r\n\r\n\t<\/div>\r\n<\/div>\r\n<div id=\"\" class=\"fw-main-row \"  style=\"\">\r\n\t<div class=\"container\">\r\n\t\t\r\n<div class=\"fw-row\">\r\n\t<div class=\"fw-col-xs-12 fw-col-sm-15 grid-column konferans-box\"  style=\"\">\r\n\t<p><i class=\"fa fa-angle-double-right\"><\/i> <a href=\"\/europe\/events\"><strong>Events\/News<\/strong><\/a><\/p><\/div>\r\n<div class=\"fw-col-xs-12 fw-col-sm-15 grid-column konferans-box\"  style=\"\">\r\n\t<p><i class=\"fa fa-angle-double-right\"><\/i> <a href=\"\/europe\/videos\"><strong>Videos<\/strong><\/a><\/p><\/div>\r\n<div class=\"fw-col-xs-12 fw-col-sm-15 grid-column konferans-box\"  style=\"\">\r\n\t<p><i class=\"fa fa-angle-double-right\"><\/i> <a href=\"\/europe\/gallery\"><strong>Gallery<\/strong><\/a><\/p><\/div>\r\n<div class=\"fw-col-xs-12 fw-col-sm-15 grid-column konferans-box\"  style=\"\">\r\n\t<p><i class=\"fa fa-angle-double-right\"><\/i> <a href=\"\/europe\/blog\"><strong>Blog<\/strong><\/a><\/p><\/div>\r\n<\/div>\r\n\r\n\t<\/div>\r\n<\/div>\r\n<div id=\"\" class=\"fw-main-row default\"  style=\"background-repeat: no-repeat; background-position: left top; margin-top: 50px; \">\r\n\t<div class=\"container\">\r\n\t\t\r\n<div class=\"fw-row\">\r\n\t<div class=\"fw-col-xs-12 fw-col-sm-6 grid-column etkinlikbox\"  style=\"\">\r\n\t<img loading=\"lazy\" decoding=\"async\" src=\"https:\/\/www.biggloyalty.com\/europe\/wp-content\/uploads\/sites\/5\/2021\/12\/performans_yonetimi_zirvesi-500x500.jpg\" alt=\"https:\/\/www.biggloyalty.com\/europe\/wp-content\/uploads\/sites\/5\/2021\/12\/performans_yonetimi_zirvesi-500x500.jpg\" width=\"500\" height=\"500\" \/><p style=\"text-align: center;\"><strong>PERFORMANCE MANAGEMENT SUMMIT<\/strong><\/p><p style=\"text-align: center;\">16 December 2021<\/p><\/div>\r\n<div class=\"fw-col-xs-12 fw-col-sm-6 grid-column etkinlikbox\"  style=\"\">\r\n\t<img loading=\"lazy\" decoding=\"async\" src=\"https:\/\/www.biggloyalty.com\/europe\/wp-content\/uploads\/sites\/5\/2021\/12\/insan_kultur_degerler_zirvesi-500x500.jpg\" alt=\"https:\/\/www.biggloyalty.com\/europe\/wp-content\/uploads\/sites\/5\/2021\/12\/insan_kultur_degerler_zirvesi-500x500.jpg\" width=\"500\" height=\"500\" \/><p style=\"text-align: center;\"><strong>PEOPLE CULTURE AND VALUES SUMMIT<\/strong><\/p><p style=\"text-align: center;\">9 December 2021<\/p><\/div>\r\n<\/div>\r\n\r\n\r\n<div class=\"fw-row\">\r\n\t<div class=\"fw-col-xs-12 fw-col-sm-6 grid-column etkinlikbox\"  style=\"\">\r\n\t<img loading=\"lazy\" decoding=\"async\" src=\"https:\/\/www.biggloyalty.com\/europe\/wp-content\/uploads\/sites\/5\/2021\/10\/pazarlama_zirvesi_deryasendil-500x500.png\" alt=\"https:\/\/www.biggloyalty.com\/europe\/wp-content\/uploads\/sites\/5\/2021\/10\/pazarlama_zirvesi_deryasendil-500x500.png\" width=\"500\" height=\"500\" \/><p style=\"text-align: center;\"><strong>PAZARLAMA T\u00dcRK\u0130YE SUMMIT <\/strong><\/p><p style=\"text-align: center;\">19 November 2021<\/p><\/div>\r\n<div class=\"fw-col-xs-12 fw-col-sm-6 grid-column etkinlikbox\"  style=\"\">\r\n\t<img loading=\"lazy\" decoding=\"async\" src=\"https:\/\/www.biggloyalty.com\/europe\/wp-content\/uploads\/sites\/5\/2021\/10\/ik_zirvesi_deryasendil-500x500.jpg\" alt=\"https:\/\/www.biggloyalty.com\/europe\/wp-content\/uploads\/sites\/5\/2021\/10\/ik_zirvesi_deryasendil-500x500.jpg\" width=\"500\" height=\"500\" \/><p style=\"text-align: center;\"><strong>5. HUMAN RESOURCES MANAGEMENT AND DIGITALIZATION SUMMIT <\/strong><\/p><p style=\"text-align: center;\">21 October 2021<\/p><\/div>\r\n<\/div>\r\n\r\n\r\n<div class=\"fw-row\">\r\n\t<div class=\"fw-col-xs-12 fw-col-sm-6 grid-column etkinlikbox\"  style=\"\">\r\n\t<img loading=\"lazy\" decoding=\"async\" src=\"https:\/\/www.biggloyalty.com\/europe\/wp-content\/uploads\/sites\/5\/2021\/10\/yangin_taybikat-500x500.jpg\" alt=\"https:\/\/www.biggloyalty.com\/europe\/wp-content\/uploads\/sites\/5\/2021\/10\/yangin_taybikat-500x500.jpg\" width=\"500\" height=\"500\" \/><p style=\"text-align: center;\"><strong>LOJ\u0130ST\u0130K MERKEZ\u0130M\u0130ZDE TATB\u0130KATLI YANGIN E\u011e\u0130T\u0130M\u0130<\/strong><\/p><p style=\"text-align: center;\">October 2021<\/p><\/div>\r\n<div class=\"fw-col-xs-12 fw-col-sm-6 grid-column etkinlikbox\"  style=\"\">\r\n\t<img loading=\"lazy\" decoding=\"async\" src=\"https:\/\/www.biggloyalty.com\/europe\/wp-content\/uploads\/sites\/5\/2021\/10\/Yetenek-Gelisimi-ve-Sadakati-Zirve-Afis-500x500.jpg\" alt=\"https:\/\/www.biggloyalty.com\/europe\/wp-content\/uploads\/sites\/5\/2021\/10\/Yetenek-Gelisimi-ve-Sadakati-Zirve-Afis-500x500.jpg\" width=\"500\" height=\"500\" \/><p style=\"text-align: center;\"><strong>TALENT DEVELOPMENT AND LOYALTY SUMMIT<\/strong><\/p><p style=\"text-align: center;\">30 September 2021<\/p><\/div>\r\n<\/div>\r\n\r\n\r\n<div class=\"fw-row\">\r\n\t<div class=\"fw-col-xs-12 fw-col-sm-6 grid-column etkinlikbox\"  style=\"\">\r\n\t<img loading=\"lazy\" decoding=\"async\" src=\"https:\/\/www.biggloyalty.com\/europe\/wp-content\/uploads\/sites\/5\/2021\/10\/Dunya-Otomotiv-Konferansi-500x500.jpg\" alt=\"https:\/\/www.biggloyalty.com\/europe\/wp-content\/uploads\/sites\/5\/2021\/10\/Dunya-Otomotiv-Konferansi-500x500.jpg\" width=\"500\" height=\"500\" \/><p style=\"text-align: center;\"><strong>WORLD AUTOMOTIVE CONFERENCE<\/strong><\/p><p style=\"text-align: center;\">21 September 2021<\/p><\/div>\r\n<div class=\"fw-col-xs-12 fw-col-sm-6 grid-column etkinlikbox\"  style=\"\">\r\n\t<img loading=\"lazy\" decoding=\"async\" src=\"https:\/\/www.biggloyalty.com\/europe\/wp-content\/uploads\/sites\/5\/2021\/10\/afet_yardim_kampanyasi_eng-500x500.jpg\" alt=\"https:\/\/www.biggloyalty.com\/europe\/wp-content\/uploads\/sites\/5\/2021\/10\/afet_yardim_kampanyasi_eng-500x500.jpg\" width=\"500\" height=\"500\" \/><p style=\"text-align: center;\"><strong>DISASTER RELIEF CAMPAIGN<\/strong><\/p><p style=\"text-align: center;\">Agust 2021<\/p><\/div>\r\n<\/div>\r\n\r\n\r\n<div class=\"fw-row\">\r\n\t<div class=\"fw-col-xs-12 fw-col-sm-6 grid-column etkinlikbox\"  style=\"\">\r\n\t<img loading=\"lazy\" decoding=\"async\" src=\"https:\/\/www.biggloyalty.com\/europe\/wp-content\/uploads\/sites\/5\/2021\/03\/musteri-deneyimi-sadakati-zirvesi-eniskarslioglu-500x500.jpg\" alt=\"https:\/\/www.biggloyalty.com\/europe\/wp-content\/uploads\/sites\/5\/2021\/03\/musteri-deneyimi-sadakati-zirvesi-eniskarslioglu-500x500.jpg\" width=\"500\" height=\"500\" \/><p style=\"text-align: center;\"><strong>CUSTOMER EXPERIENCE AND LOYALTY SUMMIT<\/strong><\/p><p style=\"text-align: center;\">2 March 2021<\/p><\/div>\r\n<div class=\"fw-col-xs-12 fw-col-sm-6 grid-column etkinlikbox\"  style=\"\">\r\n\t<img decoding=\"async\" src=\"\/\/www.biggloyalty.com\/europe\/wp-content\/uploads\/sites\/5\/2018\/12\/8-1.jpg\" alt=\"\/\/www.biggloyalty.com\/europe\/wp-content\/uploads\/sites\/5\/2018\/12\/8-1.jpg\" width=\"500\" \/><p style=\"text-align: center;\"><strong>CHRO Summit<\/strong><\/p><p style=\"text-align: center;\">15 February 2018<\/p><\/div>\r\n<\/div>\r\n\r\n\r\n<div class=\"fw-row\">\r\n\t<div class=\"fw-col-xs-12 fw-col-sm-6 grid-column etkinlikbox\"  style=\"\">\r\n\t<img decoding=\"async\" src=\"\/\/www.biggloyalty.com\/europe\/wp-content\/uploads\/sites\/5\/2020\/01\/linkedin-post.jpg\" alt=\"\/\/www.biggloyalty.com\/europe\/wp-content\/uploads\/sites\/5\/2020\/01\/linkedin-post.jpg\" width=\"500\" \/><p style=\"text-align: center;\"><strong>DIGITAL MARKETING WORLD FORUM  <\/strong><\/p><p style=\"text-align: center;\">Amsterdam \u2013 25-26 November<\/p><\/div>\r\n<div class=\"fw-col-xs-12 fw-col-sm-6 grid-column etkinlikbox\"  style=\"\">\r\n\t<img decoding=\"async\" src=\"\/\/www.biggloyalty.com\/europe\/wp-content\/uploads\/sites\/5\/2019\/03\/digitalhrsummitbiggloyaltyeurope.jpg\" alt=\"\/\/www.biggloyalty.com\/europe\/wp-content\/uploads\/sites\/5\/2019\/03\/digitalhrsummitbiggloyaltyeurope.jpg\" width=\"500\" \/><p style=\"text-align: center;\"><strong>DIGITAL HR SUMMIT 2019<\/strong><\/p><p style=\"text-align: center;\">AMSTERDAM - 2-3 APRIL 2019<\/p><\/div>\r\n<\/div>\r\n\r\n\r\n<div class=\"fw-row\">\r\n\t<div class=\"fw-col-xs-12 fw-col-sm-6 grid-column etkinlikbox\"  style=\"\">\r\n\t<img decoding=\"async\" src=\"\/\/www.biggloyalty.com\/europe\/wp-content\/uploads\/sites\/5\/2020\/01\/Savage_marketing_2019-1.jpg\" alt=\"\/\/www.biggloyalty.com\/europe\/wp-content\/uploads\/sites\/5\/2020\/01\/Savage_marketing_2019-1.jpg\" width=\"500\" \/><p style=\"text-align: center;\"><strong>SAVAGE MARKETING  <\/strong><\/p><p style=\"text-align: center;\">Amsterdam \u2013 12-13 June <\/p><\/div>\r\n<div class=\"fw-col-xs-12 fw-col-sm-6 grid-column etkinlikbox\"  style=\"\">\r\n\t<img decoding=\"async\" src=\"\/\/www.biggloyalty.com\/europe\/wp-content\/uploads\/sites\/5\/2018\/12\/1.jpg\" alt=\"\/\/www.biggloyalty.com\/europe\/wp-content\/uploads\/sites\/5\/2018\/12\/1.jpg\" \/><p style=\"text-align: center;\"><strong>CO-PERFORMANS<\/strong><\/p><p style=\"text-align: center;\">Sheraton Grand \u0130stanbul - 21-22\u00a0November 2018<\/p><\/div>\r\n<\/div>\r\n\r\n\r\n<div class=\"fw-row\">\r\n\t<div class=\"fw-col-xs-12 fw-col-sm-6 grid-column etkinlikbox\"  style=\"\">\r\n\t<img decoding=\"async\" src=\"\/\/www.biggloyalty.com\/europe\/wp-content\/uploads\/sites\/5\/2018\/12\/uzakrota1.jpg\" alt=\"\/\/www.biggloyalty.com\/europe\/wp-content\/uploads\/sites\/5\/2018\/12\/uzakrota1.jpg\" width=\"500\" \/><p style=\"text-align: center;\"><strong>UZAKROTA TRAVEL SUMMIT<\/strong><\/p><p style=\"text-align: center;\">Hilton \u0130stanbul\u00a0Bosphorus - 12 December 2018<\/p><\/div>\r\n<div class=\"fw-col-xs-12 fw-col-sm-6 grid-column etkinlikbox\"  style=\"\">\r\n\t<img loading=\"lazy\" decoding=\"async\" src=\"https:\/\/www.biggloyalty.com\/europe\/wp-content\/uploads\/sites\/5\/2021\/03\/calisan-deneyimi-zirvesi-derya-sendil-500x500.jpg\" alt=\"https:\/\/www.biggloyalty.com\/europe\/wp-content\/uploads\/sites\/5\/2021\/03\/calisan-deneyimi-zirvesi-derya-sendil-500x500.jpg\" width=\"500\" height=\"500\" \/><p style=\"text-align: center;\"><strong>EMPLOYEE EXPERIENCE SUMMIT<\/strong><\/p><p style=\"text-align: center;\">24 Feb 2021<\/p><\/div>\r\n<\/div>\r\n\r\n\r\n<div class=\"fw-row\">\r\n\t<div class=\"fw-col-xs-12 fw-col-sm-6 grid-column etkinlikbox\"  style=\"\">\r\n\t<img decoding=\"async\" src=\"\/\/www.biggloyalty.com\/europe\/wp-content\/uploads\/sites\/5\/2018\/12\/10-1.jpg\" alt=\"\/\/www.biggloyalty.com\/europe\/wp-content\/uploads\/sites\/5\/2018\/12\/10-1.jpg\" width=\"500\" \/><p style=\"text-align: center;\"><strong>XCO Experience Summit<\/strong><\/p><p style=\"text-align: center;\">Hilton Bomonti - 24 May 2018<\/p><\/div>\r\n<div class=\"fw-col-xs-12 fw-col-sm-6 grid-column etkinlikbox\"  style=\"\">\r\n\t<img loading=\"lazy\" decoding=\"async\" src=\"https:\/\/www.biggloyalty.com\/europe\/wp-content\/uploads\/sites\/5\/2021\/03\/enisbeydogumgunu-en-1-500x500.jpg\" alt=\"https:\/\/www.biggloyalty.com\/europe\/wp-content\/uploads\/sites\/5\/2021\/03\/enisbeydogumgunu-en-1-500x500.jpg\" width=\"500\" height=\"500\" \/><p style=\"text-align: center;\"><strong>EN\u0130S KARSLIO\u011eLU'S BIRTHDAY<\/strong><\/p><p style=\"text-align: center;\">15 March 2021<\/p><\/div>\r\n<\/div>\r\n\r\n\r\n<div class=\"fw-row\">\r\n\t<div class=\"fw-col-xs-12 fw-col-sm-6 grid-column etkinlikbox\"  style=\"\">\r\n\t<img decoding=\"async\" src=\"\/\/www.biggloyalty.com\/europe\/wp-content\/uploads\/sites\/5\/2018\/12\/9-1.jpg\" alt=\"\/\/www.biggloyalty.com\/europe\/wp-content\/uploads\/sites\/5\/2018\/12\/9-1.jpg\" width=\"500\" \/><p style=\"text-align: center;\"><strong>HR Digital Summit<\/strong><\/p><p style=\"text-align: center;\">Ankara - 14 March 2018<\/p><\/div>\r\n<div class=\"fw-col-xs-12 fw-col-sm-6 grid-column etkinlikbox\"  style=\"\">\r\n\t<img decoding=\"async\" src=\"\/\/www.biggloyalty.com\/europe\/wp-content\/uploads\/sites\/5\/2018\/12\/3.jpg\" alt=\"\/\/www.biggloyalty.com\/europe\/wp-content\/uploads\/sites\/5\/2018\/12\/3.jpg\" width=\"500\" \/><p style=\"text-align: center;\"><strong>HR Digital Transformation Summit<\/strong><\/p><p style=\"text-align: center;\">Ankara - 14 March 2018<\/p><\/div>\r\n<\/div>\r\n\r\n\r\n<div class=\"fw-row\">\r\n\t<div class=\"fw-col-xs-12 fw-col-sm-6 grid-column etkinlikbox\"  style=\"\">\r\n\t<img decoding=\"async\" src=\"\/\/www.biggloyalty.com\/europe\/wp-content\/uploads\/sites\/5\/2018\/12\/6-1.jpg\" alt=\"\/\/www.biggloyalty.com\/europe\/wp-content\/uploads\/sites\/5\/2018\/12\/6-1.jpg\" \/><p style=\"text-align: center;\"><strong>Marketing T\u00fcrkiye <\/strong><\/p><p style=\"text-align: center;\">\u0130stanbul - 23 February 2018<\/p><\/div>\r\n<div class=\"fw-col-xs-12 fw-col-sm-6 grid-column etkinlikbox\"  style=\"\">\r\n\t<img decoding=\"async\" src=\"\/\/www.biggloyalty.com\/europe\/wp-content\/uploads\/sites\/5\/2018\/12\/5.jpg\" alt=\"\/\/www.biggloyalty.com\/europe\/wp-content\/uploads\/sites\/5\/2018\/12\/5.jpg\" width=\"500\" \/><p style=\"text-align: center;\"><strong>Greate Place to Work<\/strong><\/p><p style=\"text-align: center;\">2018<\/p><\/div>\r\n<\/div>\r\n\r\n\t<\/div>\r\n<\/div>\r\n<\/p>\n","protected":false},"excerpt":{"rendered":"<p>Events\/News Events\/News Videos Gallery Blog PERFORMANCE MANAGEMENT SUMMIT16 December 2021 PEOPLE CULTURE AND VALUES SUMMIT9 December 2021 PAZARLAMA T\u00dcRK\u0130YE SUMMIT 19 November 2021 5. HUMAN RESOURCES MANAGEMENT AND DIGITALIZATION SUMMIT 21 October 2021 LOJ\u0130ST\u0130K MERKEZ\u0130M\u0130ZDE TATB\u0130KATLI YANGIN E\u011e\u0130T\u0130M\u0130October 2021 TALENT DEVELOPMENT AND LOYALTY SUMMIT30 September 2021 WORLD AUTOMOTIVE CONFERENCE21 September 2021 DISASTER RELIEF CAMPAIGNAgust 2021 [&hellip;]<\/p>\n","protected":false},"author":1,"featured_media":0,"parent":31,"menu_order":0,"comment_status":"closed","ping_status":"closed","template":"page-template-custom.php","meta":{"ngg_post_thumbnail":0,"footnotes":""},"yoast_head":"<!-- This site is optimized with the Yoast SEO Premium plugin v14.8.1 - https:\/\/yoast.com\/wordpress\/plugins\/seo\/ -->\n<title>Events - Biggloyalty - Europe<\/title>\n<meta name=\"description\" content=\"This website about that Biggloyalty Events on the World. Some of speech, some of interview about digitalization of loyalty projects.\" \/>\n<meta name=\"robots\" content=\"index, follow\" \/>\n<meta name=\"googlebot\" content=\"index, follow, max-snippet:-1, max-image-preview:large, max-video-preview:-1\" \/>\n<meta name=\"bingbot\" content=\"index, follow, max-snippet:-1, max-image-preview:large, max-video-preview:-1\" \/>\n<link rel=\"canonical\" href=\"https:\/\/www.biggloyalty.com\/europe\/press\/events-news\/\" \/>\n<meta property=\"og:locale\" content=\"tr_TR\" \/>\n<meta property=\"og:type\" content=\"article\" \/>\n<meta property=\"og:title\" content=\"Events - Biggloyalty - Europe\" \/>\n<meta property=\"og:description\" content=\"This website about that Biggloyalty Events on the World. Some of speech, some of interview about digitalization of loyalty projects.\" \/>\n<meta property=\"og:url\" content=\"https:\/\/www.biggloyalty.com\/europe\/press\/events-news\/\" \/>\n<meta property=\"og:site_name\" content=\"Biggloyalty - Europe\" \/>\n<meta property=\"article:modified_time\" content=\"2023-11-22T10:32:23+00:00\" \/>\n<meta property=\"og:image\" content=\"https:\/\/www.biggloyalty.com\/europe\/wp-content\/uploads\/sites\/5\/2021\/12\/performans_yonetimi_zirvesi-500x500.jpg\" \/>\n<meta name=\"twitter:card\" content=\"summary_large_image\" \/>\n<script type=\"application\/ld+json\" class=\"yoast-schema-graph\">{\"@context\":\"https:\/\/schema.org\",\"@graph\":[{\"@type\":\"WebSite\",\"@id\":\"https:\/\/www.biggloyalty.com\/europe\/#website\",\"url\":\"https:\/\/www.biggloyalty.com\/europe\/\",\"name\":\"Biggloyalty - Europe\",\"description\":\"\",\"potentialAction\":[{\"@type\":\"SearchAction\",\"target\":\"https:\/\/www.biggloyalty.com\/europe\/?s={search_term_string}\",\"query-input\":\"required name=search_term_string\"}],\"inLanguage\":\"tr\"},{\"@type\":\"ImageObject\",\"@id\":\"https:\/\/www.biggloyalty.com\/europe\/press\/events-news\/#primaryimage\",\"inLanguage\":\"tr\",\"url\":\"https:\/\/www.biggloyalty.com\/europe\/wp-content\/uploads\/sites\/5\/2021\/12\/performans_yonetimi_zirvesi.jpg\",\"width\":1200,\"height\":1200},{\"@type\":\"WebPage\",\"@id\":\"https:\/\/www.biggloyalty.com\/europe\/press\/events-news\/#webpage\",\"url\":\"https:\/\/www.biggloyalty.com\/europe\/press\/events-news\/\",\"name\":\"Events - Biggloyalty - Europe\",\"isPartOf\":{\"@id\":\"https:\/\/www.biggloyalty.com\/europe\/#website\"},\"primaryImageOfPage\":{\"@id\":\"https:\/\/www.biggloyalty.com\/europe\/press\/events-news\/#primaryimage\"},\"datePublished\":\"2018-12-28T13:15:05+00:00\",\"dateModified\":\"2023-11-22T10:32:23+00:00\",\"description\":\"This website about that Biggloyalty Events on the World. Some of speech, some of interview about digitalization of loyalty projects.\",\"inLanguage\":\"tr\",\"potentialAction\":[{\"@type\":\"ReadAction\",\"target\":[\"https:\/\/www.biggloyalty.com\/europe\/press\/events-news\/\"]}]}]}<\/script>\n<!-- \/ Yoast SEO Premium plugin. -->","_links":{"self":[{"href":"https:\/\/www.biggloyalty.com\/europe\/wp-json\/wp\/v2\/pages\/1815"}],"collection":[{"href":"https:\/\/www.biggloyalty.com\/europe\/wp-json\/wp\/v2\/pages"}],"about":[{"href":"https:\/\/www.biggloyalty.com\/europe\/wp-json\/wp\/v2\/types\/page"}],"author":[{"embeddable":true,"href":"https:\/\/www.biggloyalty.com\/europe\/wp-json\/wp\/v2\/users\/1"}],"replies":[{"embeddable":true,"href":"https:\/\/www.biggloyalty.com\/europe\/wp-json\/wp\/v2\/comments?post=1815"}],"version-history":[{"count":57,"href":"https:\/\/www.biggloyalty.com\/europe\/wp-json\/wp\/v2\/pages\/1815\/revisions"}],"predecessor-version":[{"id":3617,"href":"https:\/\/www.biggloyalty.com\/europe\/wp-json\/wp\/v2\/pages\/1815\/revisions\/3617"}],"up":[{"embeddable":true,"href":"https:\/\/www.biggloyalty.com\/europe\/wp-json\/wp\/v2\/pages\/31"}],"wp:attachment":[{"href":"https:\/\/www.biggloyalty.com\/europe\/wp-json\/wp\/v2\/media?parent=1815"}],"curies":[{"name":"wp","href":"https:\/\/api.w.org\/{rel}","templated":true}]}}