{"id":57,"date":"2018-12-27T09:59:50","date_gmt":"2018-12-27T06:59:50","guid":{"rendered":"https:\/\/www.biggloyalty.com\/en\/?page_id=57"},"modified":"2023-11-27T14:19:35","modified_gmt":"2023-11-27T11:19:35","slug":"branded-product-supply","status":"publish","type":"page","link":"https:\/\/www.biggloyalty.com\/en\/branded-product-supply\/","title":{"rendered":"Branded Product Supply"},"content":{"rendered":"<p><div id=\"\" class=\"fw-main-row default\"  style=\"background-image: url(&quot;https:\/\/www.biggloyalty.com\/en\/wp-content\/uploads\/sites\/7\/2019\/01\/toplu-urun.jpg&quot;); background-repeat: no-repeat; background-position: left top; padding-bottom: 400px; \">\r\n\t<div class=\"container\">\r\n\t\t\t<\/div>\r\n<\/div>\r\n<div id=\"\" class=\"fw-main-row \"  style=\"\">\r\n\t<div class=\"container\">\r\n\t\t\r\n<div class=\"fw-row\">\r\n\t<div class=\"fw-col-xs-12 grid-column\"  style=\"\">\r\n\t<h1 class=\"\">Branded Product Supply<\/h1><\/div>\r\n<\/div>\r\n\r\n\t<\/div>\r\n<\/div>\r\n<div id=\"\" class=\"fw-main-row \"  style=\"\">\r\n\t<div class=\"container\">\r\n\t\t\r\n<div class=\"fw-row\">\r\n\t<div class=\"fw-col-xs-12 grid-column\"  style=\"\">\r\n\t<p>As a result of strong business partnerships we have with many domestic and foreign companies for years, we <strong><a style=\"color: #636363; text-decoration: none;\" href=\"https:\/\/www.biggloyalty.com\/en\/branded-product-supply\/\"> supply <\/a><\/strong> the required brands and products from our suppliers for our customers.<\/p><p>We aim the highest level with world-known brands, reputable companies and quality products.<\/p><\/div>\r\n<\/div>\r\n\r\n\t<\/div>\r\n<\/div>\r\n<div id=\"\" class=\"fw-main-row default\"  style=\"background-repeat: no-repeat; background-position: left top; padding-top: 50px; \">\r\n\t<div class=\"container\">\r\n\t\t\r\n<div class=\"fw-row\">\r\n\t<div class=\"fw-col-xs-12 fw-col-sm-6 grid-column\"  style=\"padding-top: 30px; \">\r\n\t<h4 class=\"\">Rich Product Scale<\/h4><p>Biggloyalty also stands out with digital gift vouchers as well as 30 different main categories, 850+ brands and with over 25,000 product options.<\/p><p>We offer customers a rich range of printed and digital gift vouchers of hundreds different brands.<\/p><p>We are working to meet all needs in the awarding field with a wide range of products from technological instruments to kitchen products, design collections, strong travel and experience options.<\/p><\/div>\r\n<div class=\"fw-col-xs-12 fw-col-sm-6 grid-column\"  style=\"\">\r\n\t<img decoding=\"async\" src=\"\/\/www.biggloyalty.com\/en\/wp-content\/uploads\/sites\/7\/2019\/01\/markali1-2.jpg\" alt=\"\/\/www.biggloyalty.com\/en\/wp-content\/uploads\/sites\/7\/2019\/01\/markali1-2.jpg\" \/><\/div>\r\n<\/div>\r\n\r\n\t<\/div>\r\n<\/div>\r\n<div id=\"\" class=\"fw-main-row default\"  style=\"background-repeat: no-repeat; background-position: left top; padding-top: 50px; \">\r\n\t<div class=\"container\">\r\n\t\t\r\n<div class=\"fw-row\">\r\n\t<div class=\"fw-col-xs-12 fw-col-sm-6 grid-column\"  style=\"\">\r\n\t<img decoding=\"async\" src=\"\/\/www.biggloyalty.com\/en\/wp-content\/uploads\/sites\/7\/2019\/01\/markali2.jpg\" alt=\"\/\/www.biggloyalty.com\/en\/wp-content\/uploads\/sites\/7\/2019\/01\/markali2.jpg\" \/><\/div>\r\n<div class=\"fw-col-xs-12 fw-col-sm-6 grid-column\"  style=\"padding-top: 30px; \">\r\n\t<h4 class=\"\">World Brands<\/h4><p>Biggloyalty targeting the highest level of quality with special products<strong>,&nbsp;<\/strong>works with local and foreign well-known companies and presents their brands<strong>.<\/strong><\/p><p>These are, aras\u0131nda Philips, Canon, Bosch, Vestel, Siemens, Samsung, Toshiba, Braun, Tefal, Lexmark, Korkmaz, Kenwood, Nespresso, Pa\u015fabah\u00e7e, Samsonite, Miele,&nbsp; Igloo, Voit, Pilsan.<\/p><\/div>\r\n<\/div>\r\n\r\n\t<\/div>\r\n<\/div>\r\n<div id=\"\" class=\"fw-main-row default\"  style=\"background-repeat: no-repeat; background-position: left top; padding-top: 50px; padding-bottom: 50px; \">\r\n\t<div class=\"container\">\r\n\t\t\r\n<div class=\"fw-row\">\r\n\t<div class=\"fw-col-xs-12 fw-col-sm-6 grid-column\"  style=\"\">\r\n\t<h4 class=\"\">Bulk Product Supply<\/h4><p>Our supply network, which contains over 850 brands with the agreements made with domestic and foreign brands, serves its customers with the sale of bulk <a style=\" color: #636363; text-decoration: none;\" href=\"https:\/\/sanalmagaza.us\/\"><strong>products<\/strong><\/a>.<\/p><p>Biggloyalty has a brand awareness of more than 25.000 products meets the demands according to customer requests.<\/p><ul><li>Management and control of supply chain operation<\/li><li>Shipment within 24 hours<\/li><li>Logistics and storage service<\/li><li>Guaranteed product shipment<\/li><\/ul><\/div>\r\n<div class=\"fw-col-xs-12 fw-col-sm-6 grid-column\"  style=\"\">\r\n\t<img decoding=\"async\" src=\"\/\/www.biggloyalty.com\/en\/wp-content\/uploads\/sites\/7\/2019\/01\/dz0xmjawjmg9mta2ng__src_51106-glosnik-przenosny-jbl-clip-3-audiocompl-fot2.jpg\" alt=\"\/\/www.biggloyalty.com\/en\/wp-content\/uploads\/sites\/7\/2019\/01\/dz0xmjawjmg9mta2ng__src_51106-glosnik-przenosny-jbl-clip-3-audiocompl-fot2.jpg\" \/><\/div>\r\n<\/div>\r\n\r\n\t<\/div>\r\n<\/div>\r\n<\/p>\n","protected":false},"excerpt":{"rendered":"<p>Branded Product Supply As a result of strong business partnerships we have with many domestic and foreign companies for years, we supply the required brands and products from our suppliers for our customers.We aim the highest level with world-known brands, reputable companies and quality products. Rich Product ScaleBiggloyalty also stands out with digital gift vouchers [&hellip;]<\/p>\n","protected":false},"author":1,"featured_media":0,"parent":0,"menu_order":0,"comment_status":"closed","ping_status":"closed","template":"page-template-custom.php","meta":{"ngg_post_thumbnail":0,"footnotes":""},"yoast_head":"<!-- This site is optimized with the Yoast SEO Premium plugin v14.8.1 - https:\/\/yoast.com\/wordpress\/plugins\/seo\/ -->\n<title>Branded Product Supply - Biggloyalty<\/title>\n<meta name=\"description\" content=\"Discover the most effective ways to reward your customers and earn their loyalty with loyalty and reward projects with Biggloyalty.\" \/>\n<meta name=\"robots\" content=\"index, follow\" \/>\n<meta name=\"googlebot\" content=\"index, follow, max-snippet:-1, max-image-preview:large, max-video-preview:-1\" \/>\n<meta name=\"bingbot\" content=\"index, follow, max-snippet:-1, max-image-preview:large, max-video-preview:-1\" \/>\n<link rel=\"canonical\" href=\"https:\/\/www.biggloyalty.com\/en\/branded-product-supply\/\" \/>\n<meta property=\"og:locale\" content=\"en_US\" \/>\n<meta property=\"og:type\" content=\"article\" \/>\n<meta property=\"og:title\" content=\"Branded Product Supply - Biggloyalty\" \/>\n<meta property=\"og:description\" content=\"Discover the most effective ways to reward your customers and earn their loyalty with loyalty and reward projects with Biggloyalty.\" \/>\n<meta property=\"og:url\" content=\"https:\/\/www.biggloyalty.com\/en\/branded-product-supply\/\" \/>\n<meta property=\"og:site_name\" content=\"Biggloyalty\" \/>\n<meta property=\"article:modified_time\" content=\"2023-11-27T11:19:35+00:00\" \/>\n<meta property=\"og:image\" content=\"\/\/www.biggloyalty.com\/en\/wp-content\/uploads\/sites\/7\/2019\/01\/markali1-2.jpg\" \/>\n<meta name=\"twitter:card\" content=\"summary_large_image\" \/>\n<script type=\"application\/ld+json\" class=\"yoast-schema-graph\">{\"@context\":\"https:\/\/schema.org\",\"@graph\":[{\"@type\":\"WebSite\",\"@id\":\"https:\/\/www.biggloyalty.com\/en\/#website\",\"url\":\"https:\/\/www.biggloyalty.com\/en\/\",\"name\":\"Biggloyalty\",\"description\":\"\",\"potentialAction\":[{\"@type\":\"SearchAction\",\"target\":\"https:\/\/www.biggloyalty.com\/en\/?s={search_term_string}\",\"query-input\":\"required name=search_term_string\"}],\"inLanguage\":\"en-US\"},{\"@type\":\"ImageObject\",\"@id\":\"https:\/\/www.biggloyalty.com\/en\/branded-product-supply\/#primaryimage\",\"inLanguage\":\"en-US\",\"url\":\"\/\/www.biggloyalty.com\/en\/wp-content\/uploads\/sites\/7\/2019\/01\/markali1-2.jpg\"},{\"@type\":\"WebPage\",\"@id\":\"https:\/\/www.biggloyalty.com\/en\/branded-product-supply\/#webpage\",\"url\":\"https:\/\/www.biggloyalty.com\/en\/branded-product-supply\/\",\"name\":\"Branded Product Supply - Biggloyalty\",\"isPartOf\":{\"@id\":\"https:\/\/www.biggloyalty.com\/en\/#website\"},\"primaryImageOfPage\":{\"@id\":\"https:\/\/www.biggloyalty.com\/en\/branded-product-supply\/#primaryimage\"},\"datePublished\":\"2018-12-27T06:59:50+00:00\",\"dateModified\":\"2023-11-27T11:19:35+00:00\",\"description\":\"Discover the most effective ways to reward your customers and earn their loyalty with loyalty and reward projects with Biggloyalty.\",\"inLanguage\":\"en-US\",\"potentialAction\":[{\"@type\":\"ReadAction\",\"target\":[\"https:\/\/www.biggloyalty.com\/en\/branded-product-supply\/\"]}]}]}<\/script>\n<!-- \/ Yoast SEO Premium plugin. -->","_links":{"self":[{"href":"https:\/\/www.biggloyalty.com\/en\/wp-json\/wp\/v2\/pages\/57"}],"collection":[{"href":"https:\/\/www.biggloyalty.com\/en\/wp-json\/wp\/v2\/pages"}],"about":[{"href":"https:\/\/www.biggloyalty.com\/en\/wp-json\/wp\/v2\/types\/page"}],"author":[{"embeddable":true,"href":"https:\/\/www.biggloyalty.com\/en\/wp-json\/wp\/v2\/users\/1"}],"replies":[{"embeddable":true,"href":"https:\/\/www.biggloyalty.com\/en\/wp-json\/wp\/v2\/comments?post=57"}],"version-history":[{"count":20,"href":"https:\/\/www.biggloyalty.com\/en\/wp-json\/wp\/v2\/pages\/57\/revisions"}],"predecessor-version":[{"id":2789,"href":"https:\/\/www.biggloyalty.com\/en\/wp-json\/wp\/v2\/pages\/57\/revisions\/2789"}],"wp:attachment":[{"href":"https:\/\/www.biggloyalty.com\/en\/wp-json\/wp\/v2\/media?parent=57"}],"curies":[{"name":"wp","href":"https:\/\/api.w.org\/{rel}","templated":true}]}}