{"id":45,"date":"2018-12-27T09:58:36","date_gmt":"2018-12-27T06:58:36","guid":{"rendered":"https:\/\/www.biggloyalty.com\/en\/?page_id=45"},"modified":"2023-11-27T12:28:40","modified_gmt":"2023-11-27T09:28:40","slug":"travel-and-experiences","status":"publish","type":"page","link":"https:\/\/www.biggloyalty.com\/en\/travel-and-experiences\/","title":{"rendered":"Travel and Experiences"},"content":{"rendered":"<p><div id=\"\" class=\"fw-main-row default\"  style=\"background-image: url(&quot;https:\/\/www.biggloyalty.com\/en\/wp-content\/uploads\/sites\/7\/2019\/01\/slayt1-6.jpg&quot;); background-repeat: no-repeat; background-position: left top; padding-bottom: 500px; \">\r\n\t<div class=\"container\">\r\n\t\t\t<\/div>\r\n<\/div>\r\n<div id=\"\" class=\"fw-main-row default\"  style=\"background-repeat: no-repeat; background-position: left top; padding-top: 50px; \">\r\n\t<div class=\"container\">\r\n\t\t\r\n<div class=\"fw-row\">\r\n\t<div class=\"fw-col-xs-12 grid-column\"  style=\"\">\r\n\t<h1 class=\"\">Travel and Experiences<\/h1><\/div>\r\n<\/div>\r\n\r\n\t<\/div>\r\n<\/div>\r\n<div id=\"\" class=\"fw-main-row default\"  style=\"background-repeat: no-repeat; background-position: left top; \">\r\n\t<div class=\"container\">\r\n\t\t\r\n<div class=\"fw-row\">\r\n\t<div class=\"fw-col-xs-12 grid-column\"  style=\"\">\r\n\t<p>When constructing the rewarding system, which is an essential part of the loyalty programs, it is necessary to focus on <a style=\"color: #636363; text-decoration: none;\" href=\"https:\/\/www.biggloyalty.com\/en\/travel-and-experiences\/\"><strong>travel and experience<\/strong><\/a> categories to stay one step forward from your competitors.<\/p><p>It's a good way to receive advice from travel and experinces to increase loyalty of end users, dealers or employess by proving them memorable moments and memorable experiences.<\/p><p>Biggloyalty finds solutions to this need of loyalty programs with its rich travel and experience division.<\/p><\/div>\r\n<\/div>\r\n\r\n\t<\/div>\r\n<\/div>\r\n<div id=\"\" class=\"fw-main-row default\"  style=\"background-repeat: no-repeat; background-position: left top; padding-top: 50px; \">\r\n\t<div class=\"container\">\r\n\t\t\r\n<div class=\"fw-row\">\r\n\t<div class=\"fw-col-xs-12 grid-column\"  style=\"\">\r\n\t<img decoding=\"async\" src=\"\/\/www.biggloyalty.com\/en\/wp-content\/uploads\/sites\/7\/2019\/01\/seyahat1.jpg\" alt=\"\/\/www.biggloyalty.com\/en\/wp-content\/uploads\/sites\/7\/2019\/01\/seyahat1.jpg\" \/><\/div>\r\n<\/div>\r\n\r\n\t<\/div>\r\n<\/div>\r\n<div id=\"\" class=\"fw-main-row default\"  style=\"background-repeat: no-repeat; background-position: left top; padding-top: 50px; \">\r\n\t<div class=\"container\">\r\n\t\t\r\n<div class=\"fw-row\">\r\n\t<div class=\"fw-col-xs-12 fw-col-sm-6 grid-column\"  style=\"\">\r\n\t<h4 class=\"\">Unforgetable Moments<\/h4><p>Biggloyalty, which gives strong travel experiences with domestic and international tourism services, provides both periodical and standard destinations.<\/p><p>International options from Paris to Maldives, from Dubai to Vienna; domestic options from Kapadokya to Abant, Ka\u015f to \u00c7e\u015fme, we work on to bring corporate or individual rewards together with rich experiences.<\/p><p>At the same time, in case of any demand we can arrange for your members to travel with Ferrari or go to the El Clasico match and we bring them a fabolous luxurious experience.<\/p><\/div>\r\n<div class=\"fw-col-xs-12 fw-col-sm-6 grid-column\"  style=\"\">\r\n\t<img decoding=\"async\" src=\"\/\/www.biggloyalty.com\/en\/wp-content\/uploads\/sites\/7\/2019\/01\/travel.jpg\" alt=\"\/\/www.biggloyalty.com\/en\/wp-content\/uploads\/sites\/7\/2019\/01\/travel.jpg\" \/><\/div>\r\n<\/div>\r\n\r\n\t<\/div>\r\n<\/div>\r\n<div id=\"\" class=\"fw-main-row default\"  style=\"background-repeat: no-repeat; background-position: left top; padding-top: 50px; \">\r\n\t<div class=\"container\">\r\n\t\t\r\n<div class=\"fw-row\">\r\n\t<div class=\"fw-col-xs-12 fw-col-sm-6 grid-column\"  style=\"\">\r\n\t<img decoding=\"async\" src=\"\/\/www.biggloyalty.com\/en\/wp-content\/uploads\/sites\/7\/2019\/01\/atolye.jpg\" alt=\"\/\/www.biggloyalty.com\/en\/wp-content\/uploads\/sites\/7\/2019\/01\/atolye.jpg\" \/><\/div>\r\n<div class=\"fw-col-xs-12 fw-col-sm-6 grid-column\"  style=\"\">\r\n\t<h4 class=\"\">Pleasant Workshops<\/h4><p>With the agreements we have made with the workshops, it is possible to offer exclusive special opportunities to the users through our reward system.<\/p><p>Among them; you can find horse riding training, terrarium flower workshop, Ayasofya Trip with Saffet Emre Tongu\u00e7 or cheesecake workshop in Usla.<\/p><p>Those who enjoy these enjoyable awards and feel themselves valued, will be more motivated and hence a significant increase in their loyalty levels will be observed.<\/p><\/div>\r\n<\/div>\r\n\r\n\t<\/div>\r\n<\/div>\r\n<div id=\"\" class=\"fw-main-row default\"  style=\"background-repeat: no-repeat; background-position: left top; padding-top: 50px; padding-bottom: 50px; \">\r\n\t<div class=\"container\">\r\n\t\t\r\n<div class=\"fw-row\">\r\n\t<div class=\"fw-col-xs-12 fw-col-sm-6 grid-column\"  style=\"\">\r\n\t<h4 class=\"\">Different Experiences<\/h4><p>Travel and Experiences Section, where you can find many alternatives from gourmet trainings to car service, from special discounts of clothing brands to the spa experience, enable members of the <a style=\" color: #636363; text-decoration: none;\" href=\"https:\/\/ac.biggrewards.com\/\">loyalty program<\/a> to feel special and thereby increase their loyalty levels.<\/p><p>We meet all the needs of companies and customers who want to see different travel and experience sections with exclusive special rewarding options.<\/p><\/div>\r\n<div class=\"fw-col-xs-12 fw-col-sm-6 grid-column\"  style=\"\">\r\n\t<img decoding=\"async\" src=\"\/\/www.biggloyalty.com\/en\/wp-content\/uploads\/sites\/7\/2019\/01\/farklideneyim.jpg\" alt=\"\/\/www.biggloyalty.com\/en\/wp-content\/uploads\/sites\/7\/2019\/01\/farklideneyim.jpg\" \/><\/div>\r\n<\/div>\r\n\r\n\t<\/div>\r\n<\/div>\r\n<\/p>\n","protected":false},"excerpt":{"rendered":"<p>Travel and Experiences When constructing the rewarding system, which is an essential part of the loyalty programs, it is necessary to focus on travel and experience categories to stay one step forward from your competitors.It&#8217;s a good way to receive advice from travel and experinces to increase loyalty of end users, dealers or employess by [&hellip;]<\/p>\n","protected":false},"author":1,"featured_media":0,"parent":0,"menu_order":0,"comment_status":"closed","ping_status":"closed","template":"page-template-custom.php","meta":{"ngg_post_thumbnail":0,"footnotes":""},"yoast_head":"<!-- This site is optimized with the Yoast SEO Premium plugin v14.8.1 - https:\/\/yoast.com\/wordpress\/plugins\/seo\/ -->\n<title>Travel and Experiences - Biggloyalty<\/title>\n<meta name=\"description\" content=\"This page includes Biggbrands&#039; Travel &amp; Experiences which manage the biggest loyalty and rewards projects on 5 continents 90+ marketplaces.\" \/>\n<meta name=\"robots\" content=\"index, follow\" \/>\n<meta name=\"googlebot\" content=\"index, follow, max-snippet:-1, max-image-preview:large, max-video-preview:-1\" \/>\n<meta name=\"bingbot\" content=\"index, follow, max-snippet:-1, max-image-preview:large, max-video-preview:-1\" \/>\n<link rel=\"canonical\" href=\"https:\/\/www.biggloyalty.com\/en\/travel-and-experiences\/\" \/>\n<meta property=\"og:locale\" content=\"en_US\" \/>\n<meta property=\"og:type\" content=\"article\" \/>\n<meta property=\"og:title\" content=\"Travel and Experiences - Biggloyalty\" \/>\n<meta property=\"og:description\" content=\"This page includes Biggbrands&#039; Travel &amp; Experiences which manage the biggest loyalty and rewards projects on 5 continents 90+ marketplaces.\" \/>\n<meta property=\"og:url\" content=\"https:\/\/www.biggloyalty.com\/en\/travel-and-experiences\/\" \/>\n<meta property=\"og:site_name\" content=\"Biggloyalty\" \/>\n<meta property=\"article:modified_time\" content=\"2023-11-27T09:28:40+00:00\" \/>\n<meta property=\"og:image\" content=\"\/\/www.biggloyalty.com\/en\/wp-content\/uploads\/sites\/7\/2019\/01\/seyahat1.jpg\" \/>\n<meta name=\"twitter:card\" content=\"summary_large_image\" \/>\n<script type=\"application\/ld+json\" class=\"yoast-schema-graph\">{\"@context\":\"https:\/\/schema.org\",\"@graph\":[{\"@type\":\"WebSite\",\"@id\":\"https:\/\/www.biggloyalty.com\/en\/#website\",\"url\":\"https:\/\/www.biggloyalty.com\/en\/\",\"name\":\"Biggloyalty\",\"description\":\"\",\"potentialAction\":[{\"@type\":\"SearchAction\",\"target\":\"https:\/\/www.biggloyalty.com\/en\/?s={search_term_string}\",\"query-input\":\"required name=search_term_string\"}],\"inLanguage\":\"en-US\"},{\"@type\":\"ImageObject\",\"@id\":\"https:\/\/www.biggloyalty.com\/en\/travel-and-experiences\/#primaryimage\",\"inLanguage\":\"en-US\",\"url\":\"\/\/www.biggloyalty.com\/en\/wp-content\/uploads\/sites\/7\/2019\/01\/seyahat1.jpg\"},{\"@type\":\"WebPage\",\"@id\":\"https:\/\/www.biggloyalty.com\/en\/travel-and-experiences\/#webpage\",\"url\":\"https:\/\/www.biggloyalty.com\/en\/travel-and-experiences\/\",\"name\":\"Travel and Experiences - Biggloyalty\",\"isPartOf\":{\"@id\":\"https:\/\/www.biggloyalty.com\/en\/#website\"},\"primaryImageOfPage\":{\"@id\":\"https:\/\/www.biggloyalty.com\/en\/travel-and-experiences\/#primaryimage\"},\"datePublished\":\"2018-12-27T06:58:36+00:00\",\"dateModified\":\"2023-11-27T09:28:40+00:00\",\"description\":\"This page includes Biggbrands' Travel & Experiences which manage the biggest loyalty and rewards projects on 5 continents 90+ marketplaces.\",\"inLanguage\":\"en-US\",\"potentialAction\":[{\"@type\":\"ReadAction\",\"target\":[\"https:\/\/www.biggloyalty.com\/en\/travel-and-experiences\/\"]}]}]}<\/script>\n<!-- \/ Yoast SEO Premium plugin. -->","_links":{"self":[{"href":"https:\/\/www.biggloyalty.com\/en\/wp-json\/wp\/v2\/pages\/45"}],"collection":[{"href":"https:\/\/www.biggloyalty.com\/en\/wp-json\/wp\/v2\/pages"}],"about":[{"href":"https:\/\/www.biggloyalty.com\/en\/wp-json\/wp\/v2\/types\/page"}],"author":[{"embeddable":true,"href":"https:\/\/www.biggloyalty.com\/en\/wp-json\/wp\/v2\/users\/1"}],"replies":[{"embeddable":true,"href":"https:\/\/www.biggloyalty.com\/en\/wp-json\/wp\/v2\/comments?post=45"}],"version-history":[{"count":13,"href":"https:\/\/www.biggloyalty.com\/en\/wp-json\/wp\/v2\/pages\/45\/revisions"}],"predecessor-version":[{"id":2778,"href":"https:\/\/www.biggloyalty.com\/en\/wp-json\/wp\/v2\/pages\/45\/revisions\/2778"}],"wp:attachment":[{"href":"https:\/\/www.biggloyalty.com\/en\/wp-json\/wp\/v2\/media?parent=45"}],"curies":[{"name":"wp","href":"https:\/\/api.w.org\/{rel}","templated":true}]}}