{"id":1403,"date":"2019-01-11T15:16:15","date_gmt":"2019-01-11T12:16:15","guid":{"rendered":"https:\/\/www.biggloyalty.com\/en\/?page_id=1403"},"modified":"2023-10-26T09:29:09","modified_gmt":"2023-10-26T06:29:09","slug":"imsad-future-investment-panel","status":"publish","type":"page","link":"https:\/\/www.biggloyalty.com\/en\/imsad-future-investment-panel\/","title":{"rendered":"\u0130MSAD Future Investment Panel"},"content":{"rendered":"<p><div id=\"\" class=\"fw-main-row default\"  style=\"background-repeat: no-repeat; background-position: left top; padding-top: 50px; padding-bottom: 20px; \">\r\n\t<div class=\"container\">\r\n\t\t\r\n<div class=\"fw-row\">\r\n\t<div class=\"fw-col-xs-12 grid-column\"  style=\"\">\r\n\t<h1 class=\"\">\u0130MSAD Future Investment Panel<\/h1><\/div>\r\n<\/div>\r\n\r\n\r\n<div class=\"fw-row\">\r\n\t<div class=\"fw-col-xs-12 grid-column\"  style=\"\">\r\n\t<p><strong>CEO of Biggloyalty Enis Karsl\u0131o\u011flu delivered a speech on \u2018Future Investment\u2019 at the panel organised by Building Materials Manufacturers Association of Turkey<\/strong><\/p><p>Since 1990s, there have been incredible changes with the Internet. If we do the right things in artificial intelligence, image recognition and social media we can take our place in the global world. The construction sector needs to be inspired by the developments in these three areas and transform itself.<\/p><p>The next five years there will be more improvements over the past 20 years and the next year will be more than 25 years. Customer mobilizes; therefore, we must socialize and mobilize. We lose if we don't go in here. By doing so, you can become one of the very, very powerful Turkish companies in global competition.<\/p><\/div>\r\n<\/div>\r\n\r\n\t<\/div>\r\n<\/div>\r\n<div id=\"\" class=\"fw-main-row default\"  style=\"background-repeat: no-repeat; background-position: left top; padding-bottom: 50px; \">\r\n\t<div class=\"container\">\r\n\t\t\r\n<div class=\"fw-row\">\r\n\t<div class=\"fw-col-xs-12 grid-column\"  style=\"\">\r\n\t<div class=\"responsive-video-wrapper\">\r\n\t<iframe loading=\"lazy\" width=\"320\" height=\"180\" src=\"https:\/\/www.youtube.com\/embed\/zSV6Az4ogNU?feature=oembed\" frameborder=\"0\" allow=\"accelerometer; autoplay; encrypted-media; gyroscope; picture-in-picture\" allowfullscreen><\/iframe><\/div>\r\n<\/div>\r\n<\/div>\r\n\r\n\t<\/div>\r\n<\/div>\r\n<\/p>\n","protected":false},"excerpt":{"rendered":"<p>\u0130MSAD Future Investment Panel CEO of Biggloyalty Enis Karsl\u0131o\u011flu delivered a speech on \u2018Future Investment\u2019 at the panel organised by Building Materials Manufacturers Association of TurkeySince 1990s, there have been incredible changes with the Internet. If we do the right things in artificial intelligence, image recognition and social media we can take our place in [&hellip;]<\/p>\n","protected":false},"author":1,"featured_media":0,"parent":0,"menu_order":0,"comment_status":"closed","ping_status":"closed","template":"page-template-custom.php","meta":{"ngg_post_thumbnail":0,"footnotes":""},"yoast_head":"<!-- This site is optimized with the Yoast SEO Premium plugin v14.8.1 - https:\/\/yoast.com\/wordpress\/plugins\/seo\/ -->\n<title>\u0130MSAD Future Investment Panel - Biggloyalty<\/title>\n<meta name=\"robots\" content=\"index, follow\" \/>\n<meta name=\"googlebot\" content=\"index, follow, max-snippet:-1, max-image-preview:large, max-video-preview:-1\" \/>\n<meta name=\"bingbot\" content=\"index, follow, max-snippet:-1, max-image-preview:large, max-video-preview:-1\" \/>\n<link rel=\"canonical\" href=\"https:\/\/www.biggloyalty.com\/en\/imsad-future-investment-panel\/\" \/>\n<meta property=\"og:locale\" content=\"en_US\" \/>\n<meta property=\"og:type\" content=\"article\" \/>\n<meta property=\"og:title\" content=\"\u0130MSAD Future Investment Panel - Biggloyalty\" \/>\n<meta property=\"og:description\" content=\"\u0130MSAD Future Investment Panel CEO of Biggloyalty Enis Karsl\u0131o\u011flu delivered a speech on \u2018Future Investment\u2019 at the panel organised by Building Materials Manufacturers Association of TurkeySince 1990s, there have been incredible changes with the Internet. If we do the right things in artificial intelligence, image recognition and social media we can take our place in [&hellip;]\" \/>\n<meta property=\"og:url\" content=\"https:\/\/www.biggloyalty.com\/en\/imsad-future-investment-panel\/\" \/>\n<meta property=\"og:site_name\" content=\"Biggloyalty\" \/>\n<meta property=\"article:modified_time\" content=\"2023-10-26T06:29:09+00:00\" \/>\n<meta name=\"twitter:card\" content=\"summary_large_image\" \/>\n<script type=\"application\/ld+json\" class=\"yoast-schema-graph\">{\"@context\":\"https:\/\/schema.org\",\"@graph\":[{\"@type\":\"WebSite\",\"@id\":\"https:\/\/www.biggloyalty.com\/en\/#website\",\"url\":\"https:\/\/www.biggloyalty.com\/en\/\",\"name\":\"Biggloyalty\",\"description\":\"\",\"potentialAction\":[{\"@type\":\"SearchAction\",\"target\":\"https:\/\/www.biggloyalty.com\/en\/?s={search_term_string}\",\"query-input\":\"required name=search_term_string\"}],\"inLanguage\":\"en-US\"},{\"@type\":\"WebPage\",\"@id\":\"https:\/\/www.biggloyalty.com\/en\/imsad-future-investment-panel\/#webpage\",\"url\":\"https:\/\/www.biggloyalty.com\/en\/imsad-future-investment-panel\/\",\"name\":\"\\u0130MSAD Future Investment Panel - Biggloyalty\",\"isPartOf\":{\"@id\":\"https:\/\/www.biggloyalty.com\/en\/#website\"},\"datePublished\":\"2019-01-11T12:16:15+00:00\",\"dateModified\":\"2023-10-26T06:29:09+00:00\",\"inLanguage\":\"en-US\",\"potentialAction\":[{\"@type\":\"ReadAction\",\"target\":[\"https:\/\/www.biggloyalty.com\/en\/imsad-future-investment-panel\/\"]}]}]}<\/script>\n<!-- \/ Yoast SEO Premium plugin. -->","_links":{"self":[{"href":"https:\/\/www.biggloyalty.com\/en\/wp-json\/wp\/v2\/pages\/1403"}],"collection":[{"href":"https:\/\/www.biggloyalty.com\/en\/wp-json\/wp\/v2\/pages"}],"about":[{"href":"https:\/\/www.biggloyalty.com\/en\/wp-json\/wp\/v2\/types\/page"}],"author":[{"embeddable":true,"href":"https:\/\/www.biggloyalty.com\/en\/wp-json\/wp\/v2\/users\/1"}],"replies":[{"embeddable":true,"href":"https:\/\/www.biggloyalty.com\/en\/wp-json\/wp\/v2\/comments?post=1403"}],"version-history":[{"count":5,"href":"https:\/\/www.biggloyalty.com\/en\/wp-json\/wp\/v2\/pages\/1403\/revisions"}],"predecessor-version":[{"id":2746,"href":"https:\/\/www.biggloyalty.com\/en\/wp-json\/wp\/v2\/pages\/1403\/revisions\/2746"}],"wp:attachment":[{"href":"https:\/\/www.biggloyalty.com\/en\/wp-json\/wp\/v2\/media?parent=1403"}],"curies":[{"name":"wp","href":"https:\/\/api.w.org\/{rel}","templated":true}]}}